{"id":8010,"date":"2015-12-15T07:37:33","date_gmt":"2015-12-15T07:37:33","guid":{"rendered":"https:\/\/skybortech.com\/sobre-nos\/"},"modified":"2024-10-27T20:23:06","modified_gmt":"2024-10-27T20:23:06","slug":"sobre-nos","status":"publish","type":"page","link":"https:\/\/skybortech.com\/pt-pt\/sobre-nos\/","title":{"rendered":"Sobre n\u00f3s"},"content":{"rendered":"<div class=\"wpb-content-wrapper\"><p>[vc_row css=&#8221;.vc_custom_1451991003825{margin-top: 30px !important;margin-bottom: 100px !important;}&#8221;][vc_column offset=&#8221;vc_col-lg-9 vc_col-md-9&#8243;][vc_single_image image=&#8221;7627&#8243; img_size=&#8221;full&#8221; css=&#8221;&#8221;][vc_column_text css=&#8221;.vc_custom_1730055891603{margin-top: 40px !important;}&#8221;]<\/p>\n<h3><a href=\"https:\/\/allame.net\">ALLAME MAKI\u0307NA<\/a> VE BI\u0307LI\u0307\u015eI\u0307M SAN. T\u0130C. LTD. \u015eT\u0130   <\/h3>\n<p>Na SKYBORTECH, somos pioneiros no dom\u00ednio das solu\u00e7\u00f5es de maquinaria de precis\u00e3o, especializados em m\u00e1quinas port\u00e1teis de perfura\u00e7\u00e3o e soldadura. Com uma hist\u00f3ria rica que abrange mais de duas d\u00e9cadas, a nossa empresa est\u00e1 empenhada na excel\u00eancia, inova\u00e7\u00e3o e satisfa\u00e7\u00e3o do cliente.[\/vc_column_text][vc_column_text css=&#8221;.vc_custom_1728979093513{margin-bottom: 34px !important;}&#8221;]<\/p>\n<blockquote><p>Com as nossas m\u00e1quinas port\u00e1teis de perfura\u00e7\u00e3o de linha, podes obter precis\u00e3o, efici\u00eancia e versatilidade como nunca antes. Experimenta a diferen\u00e7a em primeira m\u00e3o e revoluciona os teus processos de repara\u00e7\u00e3o e manuten\u00e7\u00e3o hoje mesmo. Experimenta a diferen\u00e7a com a SKYBORTECH e leva as tuas solu\u00e7\u00f5es de maquinaria de precis\u00e3o para o pr\u00f3ximo n\u00edvel. Contacta-nos hoje para saberes mais sobre os nossos produtos inovadores e como podemos ajudar-te a atingir os teus objectivos.   <\/p><\/blockquote>\n<p>[\/vc_column_text][vc_row_inner][vc_column_inner width=&#8221;1\/2&#8243;][vc_custom_heading text=&#8221;Porqu\u00ea escolher-nos?&#8221; font_container=&#8221;tag:h4|text_align:left|color:%23222222&#8243; use_theme_fonts=&#8221;yes&#8221; css=&#8221;.vc_custom_1728979020088{margin-bottom: 15px !important;}&#8221; el_class=&#8221;no_stripe&#8221;][vc_column_text css=&#8221;&#8221;]<\/p>\n<p class=\"p1\"><b>Experi\u00eancia inigual\u00e1vel:<\/b> Com d\u00e9cadas de experi\u00eancia na ind\u00fastria, trazemos uma experi\u00eancia inigual\u00e1vel a cada projeto que empreendemos. A nossa equipa de profissionais dedica-se a fornecer qualidade e desempenho superiores em todas as m\u00e1quinas que produzimos. <\/p>\n<p class=\"p1\"><b>Qualidade excecional:<\/b> Orgulhamo-nos do nosso compromisso com a qualidade, utilizando apenas materiais da mais alta qualidade e aderindo a normas de fabrico rigorosas. As nossas m\u00e1quinas s\u00e3o submetidas a testes rigorosos para garantir durabilidade, fiabilidade e desempenho duradouro. <\/p>\n<p class=\"p1\"><b>Solu\u00e7\u00f5es inovadoras:<\/b> Como pioneiros no sector, ultrapassamos constantemente os limites da inova\u00e7\u00e3o para desenvolver solu\u00e7\u00f5es de ponta que respondam \u00e0s necessidades em evolu\u00e7\u00e3o dos nossos clientes. Desde sistemas de controlo de precis\u00e3o a automa\u00e7\u00e3o avan\u00e7ada, as nossas m\u00e1quinas s\u00e3o concebidas para otimizar a efici\u00eancia e a produtividade. <\/p>\n<p class=\"p1\"><b>Abordagem centrada no cliente:<\/b> Na <a href=\"https:\/\/skybortech.com\/pt-pt\/\">SKYBORTECH<\/a> Machine, a satisfa\u00e7\u00e3o do cliente \u00e9 a nossa principal prioridade. Trabalhamos em estreita colabora\u00e7\u00e3o com os nossos clientes para compreender os seus requisitos \u00fanicos e fornecer solu\u00e7\u00f5es personalizadas que satisfa\u00e7am as suas necessidades. <\/p>\n<p>[\/vc_column_text][\/vc_column_inner][vc_column_inner width=&#8221;1\/2&#8243;][vc_single_image image=&#8221;7807&#8243; img_size=&#8221;full&#8221; style=&#8221;vc_box_border&#8221; css_animation=&#8221;fadeIn&#8221; css=&#8221;.vc_custom_1729068626376{margin-bottom: 1px !important;padding-top: 80px !important;}&#8221;][\/vc_column_inner][\/vc_row_inner][\/vc_column][vc_column width=&#8221;1\/4&#8243; offset=&#8221;vc_hidden-sm vc_hidden-xs&#8221;][stm_sidebar sidebar=&#8221;311&#8243;][\/vc_column][\/vc_row][vc_row full_width=&#8221;stretch_row&#8221; el_class=&#8221;third_bg_color&#8221; css=&#8221;.vc_custom_1451889219674{margin-bottom: -60px !important;}&#8221;][vc_column][vc_cta h2=&#8221;Podes utilizar o nosso formul\u00e1rio de contacto r\u00e1pido para obteres mais informa\u00e7\u00f5es sobre as nossas m\u00e1quinas.&#8221; h2_font_container=&#8221;tag:h2|font_size:20px|text_align:left|color:%23000000|line_height:24px&#8221; h2_use_theme_fonts=&#8221;yes&#8221; shape=&#8221;square&#8221; style=&#8221;flat&#8221; add_button=&#8221;right&#8221; btn_title=&#8221;obter um or\u00e7amento&#8221; btn_style=&#8221;flat&#8221; btn_color=&#8221;theme_style_2&#8243; btn_align=&#8221;right&#8221; btn_i_align=&#8221;right&#8221; btn_i_icon_fontawesome=&#8221;stm-quote-rounded&#8221; css=&#8221;.vc_custom_1729068780865{margin-bottom: 0px !important;}&#8221; particles=&#8221;yes&#8221; use_custom_fonts_h2=&#8221;true&#8221; btn_button_block=&#8221;true&#8221; btn_add_icon=&#8221;true&#8221; el_class=&#8221;third_bg_color&#8221; h2_link=&#8221;url:https%3A%2F%2Fskybortech.com%2Fcontact-us%2F&#8221; btn_link=&#8221;url:https%3A%2F%2Fskybortech.com%2Fcontact-us%2F|&#8221;][\/vc_cta][\/vc_column][\/vc_row]<\/p>\n<\/div>","protected":false},"excerpt":{"rendered":"<p>[vc_row css=&#8221;.vc_custom_1451991003825{margin-top: 30px !important;margin-bottom: 100px !important;}&#8221;][vc_column offset=&#8221;vc_col-lg-9 vc_col-md-9&#8243;][vc_single_image image=&#8221;7627&#8243; img_size=&#8221;full&#8221; css=&#8221;&#8221;][vc_column_text css=&#8221;.vc_custom_1730055891603{margin-top: 40px !important;}&#8221;] ALLAME MAKI\u0307NA VE BI\u0307LI\u0307\u015eI\u0307M SAN. T\u0130C. LTD. \u015eT\u0130 Na SKYBORTECH, somos pioneiros no dom\u00ednio das solu\u00e7\u00f5es de maquinaria de precis\u00e3o, especializados em m\u00e1quinas port\u00e1teis de perfura\u00e7\u00e3o e soldadura. Com uma hist\u00f3ria rica que abrange mais de duas d\u00e9cadas, a nossa empresa<\/p>\n","protected":false},"author":1,"featured_media":7831,"parent":0,"menu_order":0,"comment_status":"closed","ping_status":"closed","template":"","meta":{"_joinchat":[],"footnotes":""},"class_list":["post-8010","page","type-page","status-publish","has-post-thumbnail","hentry"],"yoast_head":"<!-- This site is optimized with the Yoast SEO Premium plugin v25.8 (Yoast SEO v27.0) - https:\/\/yoast.com\/product\/yoast-seo-premium-wordpress\/ -->\n<title>Sobre n\u00f3s<\/title>\n<meta name=\"description\" content=\"a SKYBORTECH, somos pioneiros no dom\u00ednio das solu\u00e7\u00f5es de m\u00e1quinas de precis\u00e3o, especializados em m\u00e1quinas port\u00e1teis de perfura\u00e7\u00e3o em linha e de soldadura.\" \/>\n<meta name=\"robots\" content=\"index, follow, max-snippet:-1, max-image-preview:large, max-video-preview:-1\" \/>\n<link rel=\"canonical\" href=\"https:\/\/skybortech.com\/pt-pt\/sobre-nos\/\" \/>\n<meta property=\"og:locale\" content=\"pt_PT\" \/>\n<meta property=\"og:type\" content=\"article\" \/>\n<meta property=\"og:title\" content=\"Sobre n\u00f3s\" \/>\n<meta property=\"og:description\" content=\"a SKYBORTECH, somos pioneiros no dom\u00ednio das solu\u00e7\u00f5es de m\u00e1quinas de precis\u00e3o, especializados em m\u00e1quinas port\u00e1teis de perfura\u00e7\u00e3o em linha e de soldadura.\" \/>\n<meta property=\"og:url\" content=\"https:\/\/skybortech.com\/pt-pt\/sobre-nos\/\" \/>\n<meta property=\"og:site_name\" content=\"Portable Line Boring Machines\" \/>\n<meta property=\"article:publisher\" content=\"https:\/\/www.facebook.com\/portablelineboringmachines\" \/>\n<meta property=\"article:modified_time\" content=\"2024-10-27T20:23:06+00:00\" \/>\n<meta property=\"og:image\" content=\"https:\/\/skybortech.com\/wp-content\/uploads\/2024\/10\/what-is-a-portable-line-boring-machine.webp\" \/>\n\t<meta property=\"og:image:width\" content=\"1200\" \/>\n\t<meta property=\"og:image:height\" content=\"902\" \/>\n\t<meta property=\"og:image:type\" content=\"image\/webp\" \/>\n<meta name=\"twitter:card\" content=\"summary_large_image\" \/>\n<meta name=\"twitter:label1\" content=\"Tempo estimado de leitura\" \/>\n\t<meta name=\"twitter:data1\" content=\"3 minutos\" \/>\n<script type=\"application\/ld+json\" class=\"yoast-schema-graph\">{\"@context\":\"https:\/\/schema.org\",\"@graph\":[{\"@type\":\"WebPage\",\"@id\":\"https:\/\/skybortech.com\/pt-pt\/sobre-nos\/\",\"url\":\"https:\/\/skybortech.com\/pt-pt\/sobre-nos\/\",\"name\":\"Sobre n\u00f3s\",\"isPartOf\":{\"@id\":\"https:\/\/skybortech.com\/pt-pt\/#website\"},\"primaryImageOfPage\":{\"@id\":\"https:\/\/skybortech.com\/pt-pt\/sobre-nos\/#primaryimage\"},\"image\":{\"@id\":\"https:\/\/skybortech.com\/pt-pt\/sobre-nos\/#primaryimage\"},\"thumbnailUrl\":\"https:\/\/skybortech.com\/wp-content\/uploads\/2024\/10\/what-is-a-portable-line-boring-machine.webp\",\"datePublished\":\"2015-12-15T07:37:33+00:00\",\"dateModified\":\"2024-10-27T20:23:06+00:00\",\"description\":\"a SKYBORTECH, somos pioneiros no dom\u00ednio das solu\u00e7\u00f5es de m\u00e1quinas de precis\u00e3o, especializados em m\u00e1quinas port\u00e1teis de perfura\u00e7\u00e3o em linha e de soldadura.\",\"breadcrumb\":{\"@id\":\"https:\/\/skybortech.com\/pt-pt\/sobre-nos\/#breadcrumb\"},\"inLanguage\":\"pt-PT\",\"potentialAction\":[{\"@type\":\"ReadAction\",\"target\":[\"https:\/\/skybortech.com\/pt-pt\/sobre-nos\/\"]}]},{\"@type\":\"ImageObject\",\"inLanguage\":\"pt-PT\",\"@id\":\"https:\/\/skybortech.com\/pt-pt\/sobre-nos\/#primaryimage\",\"url\":\"https:\/\/skybortech.com\/wp-content\/uploads\/2024\/10\/what-is-a-portable-line-boring-machine.webp\",\"contentUrl\":\"https:\/\/skybortech.com\/wp-content\/uploads\/2024\/10\/what-is-a-portable-line-boring-machine.webp\",\"width\":1200,\"height\":902,\"caption\":\"What Is A Portable Line Boring Machine?\"},{\"@type\":\"BreadcrumbList\",\"@id\":\"https:\/\/skybortech.com\/pt-pt\/sobre-nos\/#breadcrumb\",\"itemListElement\":[{\"@type\":\"ListItem\",\"position\":1,\"name\":\"Home\",\"item\":\"https:\/\/skybortech.com\/pt-pt\/casa\/\"},{\"@type\":\"ListItem\",\"position\":2,\"name\":\"Sobre n\u00f3s\"}]},{\"@type\":\"WebSite\",\"@id\":\"https:\/\/skybortech.com\/pt-pt\/#website\",\"url\":\"https:\/\/skybortech.com\/pt-pt\/\",\"name\":\"Portable Line Boring Machines\",\"description\":\"Portable Line Boring Machines, Allame Makine Ltd. Sti.\",\"publisher\":{\"@id\":\"https:\/\/skybortech.com\/pt-pt\/#organization\"},\"alternateName\":\"Portable Line Boring Machines Manufacturer\",\"potentialAction\":[{\"@type\":\"SearchAction\",\"target\":{\"@type\":\"EntryPoint\",\"urlTemplate\":\"https:\/\/skybortech.com\/pt-pt\/?s={search_term_string}\"},\"query-input\":{\"@type\":\"PropertyValueSpecification\",\"valueRequired\":true,\"valueName\":\"search_term_string\"}}],\"inLanguage\":\"pt-PT\"},{\"@type\":\"Organization\",\"@id\":\"https:\/\/skybortech.com\/pt-pt\/#organization\",\"name\":\"Portable Line Boring Machines!\",\"alternateName\":\"Line Boring Machines Manufacturer.\",\"url\":\"https:\/\/skybortech.com\/pt-pt\/\",\"logo\":{\"@type\":\"ImageObject\",\"inLanguage\":\"pt-PT\",\"@id\":\"https:\/\/skybortech.com\/pt-pt\/#\/schema\/logo\/image\/\",\"url\":\"https:\/\/skybortech.com\/wp-content\/uploads\/2024\/10\/skybortech-logo-new5.png\",\"contentUrl\":\"https:\/\/skybortech.com\/wp-content\/uploads\/2024\/10\/skybortech-logo-new5.png\",\"width\":358,\"height\":120,\"caption\":\"Portable Line Boring Machines!\"},\"image\":{\"@id\":\"https:\/\/skybortech.com\/pt-pt\/#\/schema\/logo\/image\/\"},\"sameAs\":[\"https:\/\/www.facebook.com\/portablelineboringmachines\",\"https:\/\/www.youtube.com\/@portablelineboringmachines\/videos\"],\"description\":\"Portable Line Boring Machines Manufacturer from Turkiye.\",\"email\":\"info@skybortech.com\",\"telephone\":\"+905337789941\",\"legalName\":\"Allame Makine Ltd Sti\",\"foundingDate\":\"1997-01-01\",\"taxID\":\"0550635748\",\"numberOfEmployees\":{\"@type\":\"QuantitativeValue\",\"minValue\":\"11\",\"maxValue\":\"50\"}}]}<\/script>\n<!-- \/ Yoast SEO Premium plugin. -->","yoast_head_json":{"title":"Sobre n\u00f3s","description":"a SKYBORTECH, somos pioneiros no dom\u00ednio das solu\u00e7\u00f5es de m\u00e1quinas de precis\u00e3o, especializados em m\u00e1quinas port\u00e1teis de perfura\u00e7\u00e3o em linha e de soldadura.","robots":{"index":"index","follow":"follow","max-snippet":"max-snippet:-1","max-image-preview":"max-image-preview:large","max-video-preview":"max-video-preview:-1"},"canonical":"https:\/\/skybortech.com\/pt-pt\/sobre-nos\/","og_locale":"pt_PT","og_type":"article","og_title":"Sobre n\u00f3s","og_description":"a SKYBORTECH, somos pioneiros no dom\u00ednio das solu\u00e7\u00f5es de m\u00e1quinas de precis\u00e3o, especializados em m\u00e1quinas port\u00e1teis de perfura\u00e7\u00e3o em linha e de soldadura.","og_url":"https:\/\/skybortech.com\/pt-pt\/sobre-nos\/","og_site_name":"Portable Line Boring Machines","article_publisher":"https:\/\/www.facebook.com\/portablelineboringmachines","article_modified_time":"2024-10-27T20:23:06+00:00","og_image":[{"width":1200,"height":902,"url":"https:\/\/skybortech.com\/wp-content\/uploads\/2024\/10\/what-is-a-portable-line-boring-machine.webp","type":"image\/webp"}],"twitter_card":"summary_large_image","twitter_misc":{"Tempo estimado de leitura":"3 minutos"},"schema":{"@context":"https:\/\/schema.org","@graph":[{"@type":"WebPage","@id":"https:\/\/skybortech.com\/pt-pt\/sobre-nos\/","url":"https:\/\/skybortech.com\/pt-pt\/sobre-nos\/","name":"Sobre n\u00f3s","isPartOf":{"@id":"https:\/\/skybortech.com\/pt-pt\/#website"},"primaryImageOfPage":{"@id":"https:\/\/skybortech.com\/pt-pt\/sobre-nos\/#primaryimage"},"image":{"@id":"https:\/\/skybortech.com\/pt-pt\/sobre-nos\/#primaryimage"},"thumbnailUrl":"https:\/\/skybortech.com\/wp-content\/uploads\/2024\/10\/what-is-a-portable-line-boring-machine.webp","datePublished":"2015-12-15T07:37:33+00:00","dateModified":"2024-10-27T20:23:06+00:00","description":"a SKYBORTECH, somos pioneiros no dom\u00ednio das solu\u00e7\u00f5es de m\u00e1quinas de precis\u00e3o, especializados em m\u00e1quinas port\u00e1teis de perfura\u00e7\u00e3o em linha e de soldadura.","breadcrumb":{"@id":"https:\/\/skybortech.com\/pt-pt\/sobre-nos\/#breadcrumb"},"inLanguage":"pt-PT","potentialAction":[{"@type":"ReadAction","target":["https:\/\/skybortech.com\/pt-pt\/sobre-nos\/"]}]},{"@type":"ImageObject","inLanguage":"pt-PT","@id":"https:\/\/skybortech.com\/pt-pt\/sobre-nos\/#primaryimage","url":"https:\/\/skybortech.com\/wp-content\/uploads\/2024\/10\/what-is-a-portable-line-boring-machine.webp","contentUrl":"https:\/\/skybortech.com\/wp-content\/uploads\/2024\/10\/what-is-a-portable-line-boring-machine.webp","width":1200,"height":902,"caption":"What Is A Portable Line Boring Machine?"},{"@type":"BreadcrumbList","@id":"https:\/\/skybortech.com\/pt-pt\/sobre-nos\/#breadcrumb","itemListElement":[{"@type":"ListItem","position":1,"name":"Home","item":"https:\/\/skybortech.com\/pt-pt\/casa\/"},{"@type":"ListItem","position":2,"name":"Sobre n\u00f3s"}]},{"@type":"WebSite","@id":"https:\/\/skybortech.com\/pt-pt\/#website","url":"https:\/\/skybortech.com\/pt-pt\/","name":"Portable Line Boring Machines","description":"Portable Line Boring Machines, Allame Makine Ltd. Sti.","publisher":{"@id":"https:\/\/skybortech.com\/pt-pt\/#organization"},"alternateName":"Portable Line Boring Machines Manufacturer","potentialAction":[{"@type":"SearchAction","target":{"@type":"EntryPoint","urlTemplate":"https:\/\/skybortech.com\/pt-pt\/?s={search_term_string}"},"query-input":{"@type":"PropertyValueSpecification","valueRequired":true,"valueName":"search_term_string"}}],"inLanguage":"pt-PT"},{"@type":"Organization","@id":"https:\/\/skybortech.com\/pt-pt\/#organization","name":"Portable Line Boring Machines!","alternateName":"Line Boring Machines Manufacturer.","url":"https:\/\/skybortech.com\/pt-pt\/","logo":{"@type":"ImageObject","inLanguage":"pt-PT","@id":"https:\/\/skybortech.com\/pt-pt\/#\/schema\/logo\/image\/","url":"https:\/\/skybortech.com\/wp-content\/uploads\/2024\/10\/skybortech-logo-new5.png","contentUrl":"https:\/\/skybortech.com\/wp-content\/uploads\/2024\/10\/skybortech-logo-new5.png","width":358,"height":120,"caption":"Portable Line Boring Machines!"},"image":{"@id":"https:\/\/skybortech.com\/pt-pt\/#\/schema\/logo\/image\/"},"sameAs":["https:\/\/www.facebook.com\/portablelineboringmachines","https:\/\/www.youtube.com\/@portablelineboringmachines\/videos"],"description":"Portable Line Boring Machines Manufacturer from Turkiye.","email":"info@skybortech.com","telephone":"+905337789941","legalName":"Allame Makine Ltd Sti","foundingDate":"1997-01-01","taxID":"0550635748","numberOfEmployees":{"@type":"QuantitativeValue","minValue":"11","maxValue":"50"}}]}},"_links":{"self":[{"href":"https:\/\/skybortech.com\/pt-pt\/wp-json\/wp\/v2\/pages\/8010","targetHints":{"allow":["GET"]}}],"collection":[{"href":"https:\/\/skybortech.com\/pt-pt\/wp-json\/wp\/v2\/pages"}],"about":[{"href":"https:\/\/skybortech.com\/pt-pt\/wp-json\/wp\/v2\/types\/page"}],"author":[{"embeddable":true,"href":"https:\/\/skybortech.com\/pt-pt\/wp-json\/wp\/v2\/users\/1"}],"replies":[{"embeddable":true,"href":"https:\/\/skybortech.com\/pt-pt\/wp-json\/wp\/v2\/comments?post=8010"}],"version-history":[{"count":0,"href":"https:\/\/skybortech.com\/pt-pt\/wp-json\/wp\/v2\/pages\/8010\/revisions"}],"wp:featuredmedia":[{"embeddable":true,"href":"https:\/\/skybortech.com\/pt-pt\/wp-json\/wp\/v2\/media\/7831"}],"wp:attachment":[{"href":"https:\/\/skybortech.com\/pt-pt\/wp-json\/wp\/v2\/media?parent=8010"}],"curies":[{"name":"wp","href":"https:\/\/api.w.org\/{rel}","templated":true}]}}