{"id":7980,"date":"2024-10-27T20:00:47","date_gmt":"2024-10-27T20:00:47","guid":{"rendered":"https:\/\/skybortech.com\/reducao-da-perfuracao-de-linhas\/"},"modified":"2024-11-23T13:08:47","modified_gmt":"2024-11-23T13:08:47","slug":"reducao-da-perfuracao-de-linhas","status":"publish","type":"page","link":"https:\/\/skybortech.com\/pt-pt\/reducao-da-perfuracao-de-linhas\/","title":{"rendered":"Redu\u00e7\u00e3o da perfura\u00e7\u00e3o de linhas"},"content":{"rendered":"<div class=\"wpb-content-wrapper\"><p>[vc_row css=&#8221;.vc_custom_1451991003825{margin-top: 30px !important;margin-bottom: 100px !important;}&#8221;][vc_column offset=&#8221;vc_col-lg-9 vc_col-md-9&#8243;][vc_single_image image=&#8221;7903&#8243; img_size=&#8221;full&#8221; add_caption=&#8221;yes&#8221; css=&#8221;&#8221;][vc_column_text css=&#8221;.vc_custom_1730059181907{margin-top: 40px !important;}&#8221;]<\/p>\n<h3>A tua solu\u00e7\u00e3o para repara\u00e7\u00f5es eficientes de m\u00e1quinas<\/h3>\n<p>Melhora as capacidades da tua <a href=\"https:\/\/skybortech.com\/pt-pt\/maquina-de-perfuracao-de-linha-portatil-bd-60\/\"><strong>m\u00e1quina port\u00e1til de perfura\u00e7\u00e3o em linha<\/strong><\/a> com o nosso acess\u00f3rio <strong>de redu\u00e7\u00e3o de perfura\u00e7\u00e3o<\/strong>, concebido para precis\u00e3o e adaptabilidade em qualquer local de trabalho. Esta ferramenta inovadora permite-te reduzir o <strong>di\u00e2metro do furo<\/strong> sem esfor\u00e7o, dando-te um controlo inigual\u00e1vel sobre as tarefas <strong>de perfura\u00e7\u00e3o de pequeno di\u00e2metro<\/strong>.[\/vc_column_text][vc_row_inner][vc_column_inner][vc_custom_heading text=&#8221;Informa\u00e7\u00e3o t\u00e9cnica e avalia\u00e7\u00e3o&#8221; font_container=&#8221;tag:h4|text_align:left|color:%23222222&#8243; use_theme_fonts=&#8221;yes&#8221; css=&#8221;.vc_custom_1728981063738{margin-bottom: 15px !important;}&#8221; el_class=&#8221;no_stripe&#8221;][vc_column_text css=&#8221;&#8221;]A nossa ferramenta <strong>de redu\u00e7\u00e3o de furos<\/strong> permite-te lidar com trabalhos que exigem especifica\u00e7\u00f5es exactas. <strong>Reduz os di\u00e2metros dos f<\/strong> uros com facilidade, assegurando que cada furo cumpre as toler\u00e2ncias mais rigorosas para um desempenho \u00f3timo do equipamento. Quer estejas a trabalhar em <strong>blocos de motores<\/strong>, <strong>cilindros hidr\u00e1ulicos<\/strong> ou <strong>caixas de engrenagens<\/strong>, este acess\u00f3rio ajuda-te a atingir o mais alto n\u00edvel de precis\u00e3o. <\/p>\n<p><strong>Di\u00e2metros de eixo extra;<\/strong><\/p>\n<ul>\n<li>\u00d840mm Eixo de a\u00e7o endurecido por indu\u00e7\u00e3o <strong>100cm<\/strong>.<\/li>\n<li>\u00d840mm Eixo de a\u00e7o endurecido por indu\u00e7\u00e3o <strong>200cm<\/strong>.<\/li>\n<li>\u00d840mm Eixo de a\u00e7o temperado por indu\u00e7\u00e3o <strong>300cm<\/strong>.<\/li>\n<\/ul>\n<p>[\/vc_column_text][\/vc_column_inner][\/vc_row_inner][vc_row_inner css=&#8221;.vc_custom_1728981259598{padding-top: 60px !important;}&#8221;][vc_column_inner][vc_column_text css=&#8221;&#8221;]<\/p>\n<figure id=\"attachment_7897\" aria-describedby=\"caption-attachment-7897\" style=\"width: 576px\" class=\"wp-caption alignleft\"><img decoding=\"async\" class=\"wp-image-7531 size-large lazyload\" data-src=\"https:\/\/skybortech.com\/wp-content\/uploads\/2024\/10\/Line-Boring-Machines-accessories-576x1024.jpg\" alt=\"Acess\u00f3rios para m\u00e1quinas de perfura\u00e7\u00e3o em linha\" width=\"576\" height=\"1024\" data-srcset=\"https:\/\/skybortech.com\/wp-content\/uploads\/2024\/10\/Line-Boring-Machines-accessories-576x1024.jpg 576w, https:\/\/skybortech.com\/wp-content\/uploads\/2024\/10\/Line-Boring-Machines-accessories-169x300.jpg 169w, https:\/\/skybortech.com\/wp-content\/uploads\/2024\/10\/Line-Boring-Machines-accessories-768x1365.jpg 768w, https:\/\/skybortech.com\/wp-content\/uploads\/2024\/10\/Line-Boring-Machines-accessories-864x1536.jpg 864w, https:\/\/skybortech.com\/wp-content\/uploads\/2024\/10\/Line-Boring-Machines-accessories.jpg 900w\" data-sizes=\"(max-width: 576px) 100vw, 576px\" src=\"data:image\/svg+xml;base64,PHN2ZyB3aWR0aD0iMSIgaGVpZ2h0PSIxIiB4bWxucz0iaHR0cDovL3d3dy53My5vcmcvMjAwMC9zdmciPjwvc3ZnPg==\" style=\"--smush-placeholder-width: 576px; --smush-placeholder-aspect-ratio: 576\/1024;\" \/><figcaption id=\"caption-attachment-7897\" class=\"wp-caption-text\">Acess\u00f3rios para m\u00e1quinas de perfura\u00e7\u00e3o em linha<\/figcaption><\/figure>\n<p class=\"p1\"><b>Para eixo de \u00d820cm \/ kit de casquilhos redutores de di\u00e2metro.<\/b><\/p>\n<p>Para \u00d820mm di\u00e2metro do eixo bucha redutora \/ estriado frontal Para \u00d820mm di\u00e2metro do eixo bucha redutora \/ pin\u00e7a traseira \u00d820 para rolamento principal, bucha redutora \u00d810X55 mm porta-ferramentas diamantado SCACR06 CCMT 06 diamantado \u00d820mm Eixo (BAR principal) 200cm Para \u00d830cm eixo \/ kit bucha redutora de di\u00e2metro. Para casquilho redutor de \u00d830mm de di\u00e2metro de eixo \/ estria frontal<br \/>\nPara casquilho redutor de \u00d830mm de di\u00e2metro de eixo \/ pin\u00e7a traseira<br \/>\n\u00d830 para rolamento principal, casquilho redutor<br \/>\nPorta-ferramentas diamantado \u00d810X55 mm SCACR06<br \/>\nCCMT 06 diamantado<br \/>\n<a href=\"https:\/\/skybortech.com\/pt-pt\/maquinas-de-perfuracao-de-linhas\/\">Eixo<\/a> \u00d830mm (BARRA PRINCIPAL) 200cm[\/vc_column_text][\/vc_column_inner][\/vc_row_inner][\/vc_column][vc_column width=&#8221;1\/4&#8243; offset=&#8221;vc_hidden-sm vc_hidden-xs&#8221;][stm_sidebar sidebar=&#8221;311&#8243;][\/vc_column][\/vc_row][vc_row full_width=&#8221;stretch_row&#8221; el_class=&#8221;third_bg_color&#8221; css=&#8221;.vc_custom_1451889219674{margin-bottom: -60px !important;}&#8221;][vc_column][vc_cta h2=&#8221;podes utilizar o nosso formul\u00e1rio de contacto r\u00e1pido para obteres mais informa\u00e7\u00f5es sobre as nossas m\u00e1quinas.&#8221; h2_font_container=&#8221;tag:h2|font_size:20px|text_align:left|color:%23000000|line_height:24px&#8221; h2_use_theme_fonts=&#8221;yes&#8221; shape=&#8221;square&#8221; style=&#8221;flat&#8221; add_button=&#8221;right&#8221; btn_title=&#8221;obter um or\u00e7amento&#8221; btn_style=&#8221;flat&#8221; btn_color=&#8221;theme_style_2&#8243; btn_align=&#8221;right&#8221; btn_i_align=&#8221;right&#8221; btn_i_icon_fontawesome=&#8221;stm-quote-rounded&#8221; css=&#8221;.vc_custom_1729068912087{margin-bottom: 0px !important;}&#8221; particles=&#8221;yes&#8221; use_custom_fonts_h2=&#8221;true&#8221; btn_button_block=&#8221;true&#8221; btn_add_icon=&#8221;true&#8221; el_class=&#8221;third_bg_color&#8221; h2_link=&#8221;url:https%3A%2F%2Fskybortech.com%2Fcontact-us%2F&#8221; btn_link=&#8221;url:https%3A%2F%2Fskybortech.com%2Fpt-pt%2Fcontacta-nos%2F|&#8221;][\/vc_cta][\/vc_column][\/vc_row]<\/p>\n<\/div>","protected":false},"excerpt":{"rendered":"<p>[vc_row css=&#8221;.vc_custom_1451991003825{margin-top: 30px !important;margin-bottom: 100px !important;}&#8221;][vc_column offset=&#8221;vc_col-lg-9 vc_col-md-9&#8243;][vc_single_image image=&#8221;7903&#8243; img_size=&#8221;full&#8221; add_caption=&#8221;yes&#8221; css=&#8221;&#8221;][vc_column_text css=&#8221;.vc_custom_1730059181907{margin-top: 40px !important;}&#8221;] A tua solu\u00e7\u00e3o para repara\u00e7\u00f5es eficientes de m\u00e1quinas Melhora as capacidades da tua m\u00e1quina port\u00e1til de perfura\u00e7\u00e3o em linha com o nosso acess\u00f3rio de redu\u00e7\u00e3o de perfura\u00e7\u00e3o, concebido para precis\u00e3o e adaptabilidade em qualquer local de trabalho. Esta ferramenta inovadora<\/p>\n","protected":false},"author":1,"featured_media":7903,"parent":0,"menu_order":0,"comment_status":"closed","ping_status":"closed","template":"","meta":{"_joinchat":[],"footnotes":""},"class_list":["post-7980","page","type-page","status-publish","has-post-thumbnail","hentry"],"yoast_head":"<!-- This site is optimized with the Yoast SEO Premium plugin v25.8 (Yoast SEO v27.0) - https:\/\/yoast.com\/product\/yoast-seo-premium-wordpress\/ -->\n<title>Redu\u00e7\u00e3o da perfura\u00e7\u00e3o de linhas<\/title>\n<meta name=\"description\" content=\"A nossa ferramenta de redu\u00e7\u00e3o de furos permite-te lidar com trabalhos que exigem especifica\u00e7\u00f5es exactas. Pode alterar o di\u00e2metro de 20 mm a 60 mm.\" \/>\n<meta name=\"robots\" content=\"index, follow, max-snippet:-1, max-image-preview:large, max-video-preview:-1\" \/>\n<link rel=\"canonical\" href=\"https:\/\/skybortech.com\/pt-pt\/reducao-da-perfuracao-de-linhas\/\" \/>\n<meta property=\"og:locale\" content=\"pt_PT\" \/>\n<meta property=\"og:type\" content=\"article\" \/>\n<meta property=\"og:title\" content=\"Redu\u00e7\u00e3o da perfura\u00e7\u00e3o de linhas\" \/>\n<meta property=\"og:description\" content=\"A nossa ferramenta de redu\u00e7\u00e3o de furos permite-te lidar com trabalhos que exigem especifica\u00e7\u00f5es exactas. Pode alterar o di\u00e2metro de 20 mm a 60 mm.\" \/>\n<meta property=\"og:url\" content=\"https:\/\/skybortech.com\/pt-pt\/reducao-da-perfuracao-de-linhas\/\" \/>\n<meta property=\"og:site_name\" content=\"Portable Line Boring Machines\" \/>\n<meta property=\"article:publisher\" content=\"https:\/\/www.facebook.com\/portablelineboringmachines\" \/>\n<meta property=\"article:modified_time\" content=\"2024-11-23T13:08:47+00:00\" \/>\n<meta property=\"og:image\" content=\"https:\/\/skybortech.com\/wp-content\/uploads\/2024\/10\/Line-Boring-Machines-accessories-1536-scaled.jpg\" \/>\n\t<meta property=\"og:image:width\" content=\"2560\" \/>\n\t<meta property=\"og:image:height\" content=\"1920\" \/>\n\t<meta property=\"og:image:type\" content=\"image\/jpeg\" \/>\n<meta name=\"twitter:card\" content=\"summary_large_image\" \/>\n<meta name=\"twitter:label1\" content=\"Tempo estimado de leitura\" \/>\n\t<meta name=\"twitter:data1\" content=\"3 minutos\" \/>\n<script type=\"application\/ld+json\" class=\"yoast-schema-graph\">{\"@context\":\"https:\/\/schema.org\",\"@graph\":[{\"@type\":\"WebPage\",\"@id\":\"https:\/\/skybortech.com\/pt-pt\/reducao-da-perfuracao-de-linhas\/\",\"url\":\"https:\/\/skybortech.com\/pt-pt\/reducao-da-perfuracao-de-linhas\/\",\"name\":\"Redu\u00e7\u00e3o da perfura\u00e7\u00e3o de linhas\",\"isPartOf\":{\"@id\":\"https:\/\/skybortech.com\/pt-pt\/#website\"},\"primaryImageOfPage\":{\"@id\":\"https:\/\/skybortech.com\/pt-pt\/reducao-da-perfuracao-de-linhas\/#primaryimage\"},\"image\":{\"@id\":\"https:\/\/skybortech.com\/pt-pt\/reducao-da-perfuracao-de-linhas\/#primaryimage\"},\"thumbnailUrl\":\"https:\/\/skybortech.com\/wp-content\/uploads\/2024\/10\/Line-Boring-Machines-accessories-1536-scaled.jpg\",\"datePublished\":\"2024-10-27T20:00:47+00:00\",\"dateModified\":\"2024-11-23T13:08:47+00:00\",\"description\":\"A nossa ferramenta de redu\u00e7\u00e3o de furos permite-te lidar com trabalhos que exigem especifica\u00e7\u00f5es exactas. Pode alterar o di\u00e2metro de 20 mm a 60 mm.\",\"breadcrumb\":{\"@id\":\"https:\/\/skybortech.com\/pt-pt\/reducao-da-perfuracao-de-linhas\/#breadcrumb\"},\"inLanguage\":\"pt-PT\",\"potentialAction\":[{\"@type\":\"ReadAction\",\"target\":[\"https:\/\/skybortech.com\/pt-pt\/reducao-da-perfuracao-de-linhas\/\"]}]},{\"@type\":\"ImageObject\",\"inLanguage\":\"pt-PT\",\"@id\":\"https:\/\/skybortech.com\/pt-pt\/reducao-da-perfuracao-de-linhas\/#primaryimage\",\"url\":\"https:\/\/skybortech.com\/wp-content\/uploads\/2024\/10\/Line-Boring-Machines-accessories-1536-scaled.jpg\",\"contentUrl\":\"https:\/\/skybortech.com\/wp-content\/uploads\/2024\/10\/Line-Boring-Machines-accessories-1536-scaled.jpg\",\"width\":2560,\"height\":1920,\"caption\":\"Line Boring Machines accessories 1536\"},{\"@type\":\"BreadcrumbList\",\"@id\":\"https:\/\/skybortech.com\/pt-pt\/reducao-da-perfuracao-de-linhas\/#breadcrumb\",\"itemListElement\":[{\"@type\":\"ListItem\",\"position\":1,\"name\":\"Home\",\"item\":\"https:\/\/skybortech.com\/pt-pt\/casa\/\"},{\"@type\":\"ListItem\",\"position\":2,\"name\":\"Redu\u00e7\u00e3o da perfura\u00e7\u00e3o de linhas\"}]},{\"@type\":\"WebSite\",\"@id\":\"https:\/\/skybortech.com\/pt-pt\/#website\",\"url\":\"https:\/\/skybortech.com\/pt-pt\/\",\"name\":\"Portable Line Boring Machines\",\"description\":\"Portable Line Boring Machines, Allame Makine Ltd. Sti.\",\"publisher\":{\"@id\":\"https:\/\/skybortech.com\/pt-pt\/#organization\"},\"alternateName\":\"Portable Line Boring Machines Manufacturer\",\"potentialAction\":[{\"@type\":\"SearchAction\",\"target\":{\"@type\":\"EntryPoint\",\"urlTemplate\":\"https:\/\/skybortech.com\/pt-pt\/?s={search_term_string}\"},\"query-input\":{\"@type\":\"PropertyValueSpecification\",\"valueRequired\":true,\"valueName\":\"search_term_string\"}}],\"inLanguage\":\"pt-PT\"},{\"@type\":\"Organization\",\"@id\":\"https:\/\/skybortech.com\/pt-pt\/#organization\",\"name\":\"Portable Line Boring Machines!\",\"alternateName\":\"Line Boring Machines Manufacturer.\",\"url\":\"https:\/\/skybortech.com\/pt-pt\/\",\"logo\":{\"@type\":\"ImageObject\",\"inLanguage\":\"pt-PT\",\"@id\":\"https:\/\/skybortech.com\/pt-pt\/#\/schema\/logo\/image\/\",\"url\":\"https:\/\/skybortech.com\/wp-content\/uploads\/2024\/10\/skybortech-logo-new5.png\",\"contentUrl\":\"https:\/\/skybortech.com\/wp-content\/uploads\/2024\/10\/skybortech-logo-new5.png\",\"width\":358,\"height\":120,\"caption\":\"Portable Line Boring Machines!\"},\"image\":{\"@id\":\"https:\/\/skybortech.com\/pt-pt\/#\/schema\/logo\/image\/\"},\"sameAs\":[\"https:\/\/www.facebook.com\/portablelineboringmachines\",\"https:\/\/www.youtube.com\/@portablelineboringmachines\/videos\"],\"description\":\"Portable Line Boring Machines Manufacturer from Turkiye.\",\"email\":\"info@skybortech.com\",\"telephone\":\"+905337789941\",\"legalName\":\"Allame Makine Ltd Sti\",\"foundingDate\":\"1997-01-01\",\"taxID\":\"0550635748\",\"numberOfEmployees\":{\"@type\":\"QuantitativeValue\",\"minValue\":\"11\",\"maxValue\":\"50\"}}]}<\/script>\n<!-- \/ Yoast SEO Premium plugin. -->","yoast_head_json":{"title":"Redu\u00e7\u00e3o da perfura\u00e7\u00e3o de linhas","description":"A nossa ferramenta de redu\u00e7\u00e3o de furos permite-te lidar com trabalhos que exigem especifica\u00e7\u00f5es exactas. Pode alterar o di\u00e2metro de 20 mm a 60 mm.","robots":{"index":"index","follow":"follow","max-snippet":"max-snippet:-1","max-image-preview":"max-image-preview:large","max-video-preview":"max-video-preview:-1"},"canonical":"https:\/\/skybortech.com\/pt-pt\/reducao-da-perfuracao-de-linhas\/","og_locale":"pt_PT","og_type":"article","og_title":"Redu\u00e7\u00e3o da perfura\u00e7\u00e3o de linhas","og_description":"A nossa ferramenta de redu\u00e7\u00e3o de furos permite-te lidar com trabalhos que exigem especifica\u00e7\u00f5es exactas. Pode alterar o di\u00e2metro de 20 mm a 60 mm.","og_url":"https:\/\/skybortech.com\/pt-pt\/reducao-da-perfuracao-de-linhas\/","og_site_name":"Portable Line Boring Machines","article_publisher":"https:\/\/www.facebook.com\/portablelineboringmachines","article_modified_time":"2024-11-23T13:08:47+00:00","og_image":[{"width":2560,"height":1920,"url":"https:\/\/skybortech.com\/wp-content\/uploads\/2024\/10\/Line-Boring-Machines-accessories-1536-scaled.jpg","type":"image\/jpeg"}],"twitter_card":"summary_large_image","twitter_misc":{"Tempo estimado de leitura":"3 minutos"},"schema":{"@context":"https:\/\/schema.org","@graph":[{"@type":"WebPage","@id":"https:\/\/skybortech.com\/pt-pt\/reducao-da-perfuracao-de-linhas\/","url":"https:\/\/skybortech.com\/pt-pt\/reducao-da-perfuracao-de-linhas\/","name":"Redu\u00e7\u00e3o da perfura\u00e7\u00e3o de linhas","isPartOf":{"@id":"https:\/\/skybortech.com\/pt-pt\/#website"},"primaryImageOfPage":{"@id":"https:\/\/skybortech.com\/pt-pt\/reducao-da-perfuracao-de-linhas\/#primaryimage"},"image":{"@id":"https:\/\/skybortech.com\/pt-pt\/reducao-da-perfuracao-de-linhas\/#primaryimage"},"thumbnailUrl":"https:\/\/skybortech.com\/wp-content\/uploads\/2024\/10\/Line-Boring-Machines-accessories-1536-scaled.jpg","datePublished":"2024-10-27T20:00:47+00:00","dateModified":"2024-11-23T13:08:47+00:00","description":"A nossa ferramenta de redu\u00e7\u00e3o de furos permite-te lidar com trabalhos que exigem especifica\u00e7\u00f5es exactas. Pode alterar o di\u00e2metro de 20 mm a 60 mm.","breadcrumb":{"@id":"https:\/\/skybortech.com\/pt-pt\/reducao-da-perfuracao-de-linhas\/#breadcrumb"},"inLanguage":"pt-PT","potentialAction":[{"@type":"ReadAction","target":["https:\/\/skybortech.com\/pt-pt\/reducao-da-perfuracao-de-linhas\/"]}]},{"@type":"ImageObject","inLanguage":"pt-PT","@id":"https:\/\/skybortech.com\/pt-pt\/reducao-da-perfuracao-de-linhas\/#primaryimage","url":"https:\/\/skybortech.com\/wp-content\/uploads\/2024\/10\/Line-Boring-Machines-accessories-1536-scaled.jpg","contentUrl":"https:\/\/skybortech.com\/wp-content\/uploads\/2024\/10\/Line-Boring-Machines-accessories-1536-scaled.jpg","width":2560,"height":1920,"caption":"Line Boring Machines accessories 1536"},{"@type":"BreadcrumbList","@id":"https:\/\/skybortech.com\/pt-pt\/reducao-da-perfuracao-de-linhas\/#breadcrumb","itemListElement":[{"@type":"ListItem","position":1,"name":"Home","item":"https:\/\/skybortech.com\/pt-pt\/casa\/"},{"@type":"ListItem","position":2,"name":"Redu\u00e7\u00e3o da perfura\u00e7\u00e3o de linhas"}]},{"@type":"WebSite","@id":"https:\/\/skybortech.com\/pt-pt\/#website","url":"https:\/\/skybortech.com\/pt-pt\/","name":"Portable Line Boring Machines","description":"Portable Line Boring Machines, Allame Makine Ltd. Sti.","publisher":{"@id":"https:\/\/skybortech.com\/pt-pt\/#organization"},"alternateName":"Portable Line Boring Machines Manufacturer","potentialAction":[{"@type":"SearchAction","target":{"@type":"EntryPoint","urlTemplate":"https:\/\/skybortech.com\/pt-pt\/?s={search_term_string}"},"query-input":{"@type":"PropertyValueSpecification","valueRequired":true,"valueName":"search_term_string"}}],"inLanguage":"pt-PT"},{"@type":"Organization","@id":"https:\/\/skybortech.com\/pt-pt\/#organization","name":"Portable Line Boring Machines!","alternateName":"Line Boring Machines Manufacturer.","url":"https:\/\/skybortech.com\/pt-pt\/","logo":{"@type":"ImageObject","inLanguage":"pt-PT","@id":"https:\/\/skybortech.com\/pt-pt\/#\/schema\/logo\/image\/","url":"https:\/\/skybortech.com\/wp-content\/uploads\/2024\/10\/skybortech-logo-new5.png","contentUrl":"https:\/\/skybortech.com\/wp-content\/uploads\/2024\/10\/skybortech-logo-new5.png","width":358,"height":120,"caption":"Portable Line Boring Machines!"},"image":{"@id":"https:\/\/skybortech.com\/pt-pt\/#\/schema\/logo\/image\/"},"sameAs":["https:\/\/www.facebook.com\/portablelineboringmachines","https:\/\/www.youtube.com\/@portablelineboringmachines\/videos"],"description":"Portable Line Boring Machines Manufacturer from Turkiye.","email":"info@skybortech.com","telephone":"+905337789941","legalName":"Allame Makine Ltd Sti","foundingDate":"1997-01-01","taxID":"0550635748","numberOfEmployees":{"@type":"QuantitativeValue","minValue":"11","maxValue":"50"}}]}},"_links":{"self":[{"href":"https:\/\/skybortech.com\/pt-pt\/wp-json\/wp\/v2\/pages\/7980","targetHints":{"allow":["GET"]}}],"collection":[{"href":"https:\/\/skybortech.com\/pt-pt\/wp-json\/wp\/v2\/pages"}],"about":[{"href":"https:\/\/skybortech.com\/pt-pt\/wp-json\/wp\/v2\/types\/page"}],"author":[{"embeddable":true,"href":"https:\/\/skybortech.com\/pt-pt\/wp-json\/wp\/v2\/users\/1"}],"replies":[{"embeddable":true,"href":"https:\/\/skybortech.com\/pt-pt\/wp-json\/wp\/v2\/comments?post=7980"}],"version-history":[{"count":0,"href":"https:\/\/skybortech.com\/pt-pt\/wp-json\/wp\/v2\/pages\/7980\/revisions"}],"wp:featuredmedia":[{"embeddable":true,"href":"https:\/\/skybortech.com\/pt-pt\/wp-json\/wp\/v2\/media\/7903"}],"wp:attachment":[{"href":"https:\/\/skybortech.com\/pt-pt\/wp-json\/wp\/v2\/media?parent=7980"}],"curies":[{"name":"wp","href":"https:\/\/api.w.org\/{rel}","templated":true}]}}