{"id":7999,"date":"2024-10-15T08:17:34","date_gmt":"2024-10-15T08:17:34","guid":{"rendered":"https:\/\/skybortech.com\/aleseuse-portable-bd-50\/"},"modified":"2025-02-26T19:51:11","modified_gmt":"2025-02-26T19:51:11","slug":"aleseuse-portable-bd-50","status":"publish","type":"page","link":"https:\/\/skybortech.com\/fr\/aleseuse-portable-bd-50\/","title":{"rendered":"Al\u00e9seuses en Ligne Portative BD 50"},"content":{"rendered":"<div class=\"wpb-content-wrapper\"><p>[vc_row css=&#8221;.vc_custom_1451991003825{margin-top: 30px !important;margin-bottom: 100px !important;}&#8221;][vc_column offset=&#8221;vc_col-lg-9 vc_col-md-9&#8243;][vc_single_image image=&#8221;7672&#8243; img_size=&#8221;full&#8221; css=&#8221;&#8221;][vc_column_text css=&#8221;.vc_custom_1728982714892{margin-top: 40px !important;}&#8221;]<\/p>\n<h3>Pr\u00e9sentation de l&#8217;al\u00e9seuse portable BD-50<\/h3>\n<p class=\"p1\">D\u00e9couvrez les caract\u00e9ristiques essentielles de notre al\u00e9seuse de ligne !<br \/>\nLa BD-50 <a href=\"https:\/\/www.skybortech.com\/portable-line-boring-machine\/\"><span class=\"s1\"><b>machine \u00e0 al\u00e9ser portable<\/b><\/span><\/a> \u00e9tend sa port\u00e9e \u00e0 l&#8217;int\u00e9rieur de l&#8217;al\u00e9sage, garantissant une r\u00e9silience maximale et une finition de surface sup\u00e9rieure.<\/p>\n<p class=\"p2\"><b>Principales sp\u00e9cifications :<\/b><\/p>\n<p class=\"p1\">Nos al\u00e9seuses portatives sont polyvalentes et capables de repercer les articulations, les godets d&#8217;outils, les points de pivot, les trous d&#8217;axe de bras de chargeuse sur roues et les manchons d&#8217;essieu directeur. Profitez de la pr\u00e9cision des r\u00e9parations d&#8217;usinage sur site, en minimisant les temps d&#8217;arr\u00eat et en maximisant la productivit\u00e9. <\/p>\n<p class=\"p2\"><b>Applications :<\/b><\/p>\n<p class=\"p1\">Id\u00e9ales pour les \u00e9quipements de construction lourds tels que les chargeurs et les grues, nos al\u00e9seuses de ligne offrent des solutions rentables et efficaces. Puissantes, adaptables et conviviales, elles sont disponibles avec des entra\u00eenements hydrauliques et pneumatiques, ce qui garantit des mesures d&#8217;al\u00e9sage pr\u00e9cises. <\/p>\n<p class=\"p2\"><b>Caract\u00e9ristiques principales :<\/b><\/p>\n<ol class=\"ol1\">\n<li class=\"li3\"><span class=\"s2\">Exp\u00e9dition internationale pour l&#8217;accessibilit\u00e9 mondiale.<\/span><\/li>\n<li class=\"li3\"><span class=\"s2\">Un service client\u00e8le d\u00e9di\u00e9 pour une exp\u00e9rience sans faille.<\/span><\/li>\n<li class=\"li3\"><span class=\"s2\">Performance fiable garantie.<\/span><\/li>\n<li class=\"li3\"><span class=\"s2\">Les meilleurs prix pour une valeur imbattable.<\/span><\/li>\n<li class=\"li3\"><span class=\"s2\">Conception \u00e9conome en \u00e9nergie pour un d\u00e9veloppement durable.<\/span><\/li>\n<li class=\"li3\"><span class=\"s2\">Installation et manipulation faciles pour plus de commodit\u00e9.<\/span><\/li>\n<\/ol>\n<p class=\"p2\"><b>Caract\u00e9ristiques uniques :<\/b><\/p>\n<ul class=\"ul1\">\n<li class=\"li4\"><b><\/b><span class=\"s2\"><b>Transmission coupl\u00e9e au moteur pour une puissance et une fiabilit\u00e9 accrues.<\/b><\/span><\/li>\n<li class=\"li4\"><b><\/b><span class=\"s2\"><b>Engrenages tremp\u00e9s \u00e0 55 HRC pour une plus grande durabilit\u00e9.<\/b><\/span><\/li>\n<li class=\"li4\"><b><\/b><span class=\"s2\"><b>Construction l\u00e9g\u00e8re mais robuste pour une installation facile.<\/b><\/span><\/li>\n<li class=\"li4\"><b><\/b><span class=\"s2\"><b>Panneau \u00e9lectronique pour un contr\u00f4le pr\u00e9cis de la sensibilit\u00e9 et de la puissance.<\/b><\/span><\/li>\n<li class=\"li4\"><b><\/b><span class=\"s2\"><b>Conception modulaire pour une installation et un transport sans effort.<\/b><\/span><\/li>\n<li class=\"li4\"><b><\/b><span class=\"s2\"><b>Garantie de fonctionnement de 600 heures pour une plus grande tranquillit\u00e9 d&#8217;esprit.<\/b><\/span><\/li>\n<li class=\"li5\"><b><\/b><span class=\"s2\"><b>Construction thermiquement durcie pour des performances durables.<\/b><\/span><\/li>\n<\/ul>\n<p class=\"p1\">Am\u00e9liorez votre processus de r\u00e9paration d&#8217;\u00e9quipement avec le BD-50 <a href=\"https:\/\/portableboringmachine.com\/portable-line-boring-machine\/\"><span class=\"s1\"><b>al\u00e9seuse de ligne portable<\/b><\/span><\/a> con\u00e7ue pour l&#8217;efficacit\u00e9, la fiabilit\u00e9 et la pr\u00e9cision.<\/p>\n<p>[\/vc_column_text][vc_video link=&#8221;https:\/\/www.youtube.com\/embed\/rMx85tybI60&#8243; css=&#8221;&#8221;][\/vc_column][vc_column width=&#8221;1\/4&#8243; offset=&#8221;vc_hidden-sm vc_hidden-xs&#8221;][stm_sidebar sidebar=&#8221;311&#8243;][\/vc_column][\/vc_row][vc_row full_width=&#8221;stretch_row&#8221; el_class=&#8221;third_bg_color&#8221; css=&#8221;.vc_custom_1451889219674{margin-bottom: -60px !important;}&#8221;][vc_column][vc_cta h2=&#8221;vous pouvez utiliser notre formulaire de contact rapide pour obtenir plus d&apos;informations sur nos machines.&#8221; h2_font_container=&#8221;tag:h2|font_size:20px|text_align:left|color:%23000000|line_height:24px&#8221; h2_use_theme_fonts=&#8221;yes&#8221; shape=&#8221;square&#8221; style=&#8221;flat&#8221; add_button=&#8221;right&#8221; btn_title=&#8221;obtenir un devis&#8221; btn_style=&#8221;flat&#8221; btn_color=&#8221;theme_style_2&#8243; btn_align=&#8221;right&#8221; btn_i_align=&#8221;right&#8221; btn_i_icon_fontawesome=&#8221;stm-quote-rounded&#8221; css=&#8221;.vc_custom_1729068981504{margin-bottom: 0px !important;}&#8221; particles=&#8221;yes&#8221; use_custom_fonts_h2=&#8221;true&#8221; btn_button_block=&#8221;true&#8221; btn_add_icon=&#8221;true&#8221; el_class=&#8221;third_bg_color&#8221; h2_link=&#8221;url:https%3A%2F%2Fskybortech.com%2Fcontact-us%2F&#8221; btn_link=&#8221;url:https%3A%2F%2Fskybortech.com%2Ffr%2Fcontactez-nous%2F|&#8221;][\/vc_cta][\/vc_column][\/vc_row]<\/p>\n<\/div>","protected":false},"excerpt":{"rendered":"<p>[vc_row css=&#8221;.vc_custom_1451991003825{margin-top: 30px !important;margin-bottom: 100px !important;}&#8221;][vc_column offset=&#8221;vc_col-lg-9 vc_col-md-9&#8243;][vc_single_image image=&#8221;7672&#8243; img_size=&#8221;full&#8221; css=&#8221;&#8221;][vc_column_text css=&#8221;.vc_custom_1728982714892{margin-top: 40px !important;}&#8221;] Pr\u00e9sentation de l&#8217;al\u00e9seuse portable BD-50 D\u00e9couvrez les caract\u00e9ristiques essentielles de notre al\u00e9seuse de ligne ! La BD-50 machine \u00e0 al\u00e9ser portable \u00e9tend sa port\u00e9e \u00e0 l&#8217;int\u00e9rieur de l&#8217;al\u00e9sage, garantissant une r\u00e9silience maximale et une finition de surface sup\u00e9rieure. Principales sp\u00e9cifications :<\/p>\n","protected":false},"author":1,"featured_media":7744,"parent":0,"menu_order":0,"comment_status":"closed","ping_status":"closed","template":"","meta":{"_joinchat":[],"footnotes":""},"class_list":["post-7999","page","type-page","status-publish","has-post-thumbnail","hentry"],"yoast_head":"<!-- This site is optimized with the Yoast SEO Premium plugin v25.8 (Yoast SEO v27.0) - https:\/\/yoast.com\/product\/yoast-seo-premium-wordpress\/ -->\n<title>Al\u00e9seuses en Ligne Portative BD 50<\/title>\n<meta name=\"description\" content=\"L&#039;al\u00e9seuse portable BD-50 \u00e9tend sa port\u00e9e \u00e0 l&#039;int\u00e9rieur de l&#039;al\u00e9sage, garantissant ainsi une r\u00e9silience maximale. Allame Makine !\" \/>\n<meta name=\"robots\" content=\"index, follow, max-snippet:-1, max-image-preview:large, max-video-preview:-1\" \/>\n<link rel=\"canonical\" href=\"https:\/\/skybortech.com\/fr\/aleseuse-portable-bd-50\/\" \/>\n<meta property=\"og:locale\" content=\"fr_FR\" \/>\n<meta property=\"og:type\" content=\"article\" \/>\n<meta property=\"og:title\" content=\"Al\u00e9seuses en Ligne Portative BD 50\" \/>\n<meta property=\"og:description\" content=\"L&#039;al\u00e9seuse portable BD-50 \u00e9tend sa port\u00e9e \u00e0 l&#039;int\u00e9rieur de l&#039;al\u00e9sage, garantissant ainsi une r\u00e9silience maximale. Allame Makine !\" \/>\n<meta property=\"og:url\" content=\"https:\/\/skybortech.com\/fr\/aleseuse-portable-bd-50\/\" \/>\n<meta property=\"og:site_name\" content=\"Portable Line Boring Machines\" \/>\n<meta property=\"article:publisher\" content=\"https:\/\/www.facebook.com\/portablelineboringmachines\" \/>\n<meta property=\"article:modified_time\" content=\"2025-02-26T19:51:11+00:00\" \/>\n<meta property=\"og:image\" content=\"https:\/\/skybortech.com\/wp-content\/uploads\/2024\/10\/bd-50.png\" \/>\n\t<meta property=\"og:image:width\" content=\"609\" \/>\n\t<meta property=\"og:image:height\" content=\"390\" \/>\n\t<meta property=\"og:image:type\" content=\"image\/png\" \/>\n<meta name=\"twitter:card\" content=\"summary_large_image\" \/>\n<meta name=\"twitter:label1\" content=\"Dur\u00e9e de lecture estim\u00e9e\" \/>\n\t<meta name=\"twitter:data1\" content=\"3 minutes\" \/>\n<script type=\"application\/ld+json\" class=\"yoast-schema-graph\">{\"@context\":\"https:\/\/schema.org\",\"@graph\":[{\"@type\":\"WebPage\",\"@id\":\"https:\/\/skybortech.com\/fr\/aleseuse-portable-bd-50\/\",\"url\":\"https:\/\/skybortech.com\/fr\/aleseuse-portable-bd-50\/\",\"name\":\"Al\u00e9seuses en Ligne Portative BD 50\",\"isPartOf\":{\"@id\":\"https:\/\/skybortech.com\/fr\/#website\"},\"primaryImageOfPage\":{\"@id\":\"https:\/\/skybortech.com\/fr\/aleseuse-portable-bd-50\/#primaryimage\"},\"image\":{\"@id\":\"https:\/\/skybortech.com\/fr\/aleseuse-portable-bd-50\/#primaryimage\"},\"thumbnailUrl\":\"https:\/\/skybortech.com\/wp-content\/uploads\/2024\/10\/bd-50.png\",\"datePublished\":\"2024-10-15T08:17:34+00:00\",\"dateModified\":\"2025-02-26T19:51:11+00:00\",\"description\":\"L'al\u00e9seuse portable BD-50 \u00e9tend sa port\u00e9e \u00e0 l'int\u00e9rieur de l'al\u00e9sage, garantissant ainsi une r\u00e9silience maximale. Allame Makine !\",\"breadcrumb\":{\"@id\":\"https:\/\/skybortech.com\/fr\/aleseuse-portable-bd-50\/#breadcrumb\"},\"inLanguage\":\"fr-FR\",\"potentialAction\":[{\"@type\":\"ReadAction\",\"target\":[\"https:\/\/skybortech.com\/fr\/aleseuse-portable-bd-50\/\"]}]},{\"@type\":\"ImageObject\",\"inLanguage\":\"fr-FR\",\"@id\":\"https:\/\/skybortech.com\/fr\/aleseuse-portable-bd-50\/#primaryimage\",\"url\":\"https:\/\/skybortech.com\/wp-content\/uploads\/2024\/10\/bd-50.png\",\"contentUrl\":\"https:\/\/skybortech.com\/wp-content\/uploads\/2024\/10\/bd-50.png\",\"width\":609,\"height\":390,\"caption\":\"Portable Line Boring Machines BD 50\"},{\"@type\":\"BreadcrumbList\",\"@id\":\"https:\/\/skybortech.com\/fr\/aleseuse-portable-bd-50\/#breadcrumb\",\"itemListElement\":[{\"@type\":\"ListItem\",\"position\":1,\"name\":\"Home\",\"item\":\"https:\/\/skybortech.com\/fr\/domicile\/\"},{\"@type\":\"ListItem\",\"position\":2,\"name\":\"Al\u00e9seuses en Ligne Portative BD 50\"}]},{\"@type\":\"WebSite\",\"@id\":\"https:\/\/skybortech.com\/fr\/#website\",\"url\":\"https:\/\/skybortech.com\/fr\/\",\"name\":\"Portable Line Boring Machines\",\"description\":\"Portable Line Boring Machines, Allame Makine Ltd. Sti.\",\"publisher\":{\"@id\":\"https:\/\/skybortech.com\/fr\/#organization\"},\"alternateName\":\"Portable Line Boring Machines Manufacturer\",\"potentialAction\":[{\"@type\":\"SearchAction\",\"target\":{\"@type\":\"EntryPoint\",\"urlTemplate\":\"https:\/\/skybortech.com\/fr\/?s={search_term_string}\"},\"query-input\":{\"@type\":\"PropertyValueSpecification\",\"valueRequired\":true,\"valueName\":\"search_term_string\"}}],\"inLanguage\":\"fr-FR\"},{\"@type\":\"Organization\",\"@id\":\"https:\/\/skybortech.com\/fr\/#organization\",\"name\":\"Portable Line Boring Machines!\",\"alternateName\":\"Line Boring Machines Manufacturer.\",\"url\":\"https:\/\/skybortech.com\/fr\/\",\"logo\":{\"@type\":\"ImageObject\",\"inLanguage\":\"fr-FR\",\"@id\":\"https:\/\/skybortech.com\/fr\/#\/schema\/logo\/image\/\",\"url\":\"https:\/\/skybortech.com\/wp-content\/uploads\/2024\/10\/skybortech-logo-new5.png\",\"contentUrl\":\"https:\/\/skybortech.com\/wp-content\/uploads\/2024\/10\/skybortech-logo-new5.png\",\"width\":358,\"height\":120,\"caption\":\"Portable Line Boring Machines!\"},\"image\":{\"@id\":\"https:\/\/skybortech.com\/fr\/#\/schema\/logo\/image\/\"},\"sameAs\":[\"https:\/\/www.facebook.com\/portablelineboringmachines\",\"https:\/\/www.youtube.com\/@portablelineboringmachines\/videos\"],\"description\":\"Portable Line Boring Machines Manufacturer from Turkiye.\",\"email\":\"info@skybortech.com\",\"telephone\":\"+905337789941\",\"legalName\":\"Allame Makine Ltd Sti\",\"foundingDate\":\"1997-01-01\",\"taxID\":\"0550635748\",\"numberOfEmployees\":{\"@type\":\"QuantitativeValue\",\"minValue\":\"11\",\"maxValue\":\"50\"}}]}<\/script>\n<!-- \/ Yoast SEO Premium plugin. -->","yoast_head_json":{"title":"Al\u00e9seuses en Ligne Portative BD 50","description":"L'al\u00e9seuse portable BD-50 \u00e9tend sa port\u00e9e \u00e0 l'int\u00e9rieur de l'al\u00e9sage, garantissant ainsi une r\u00e9silience maximale. Allame Makine !","robots":{"index":"index","follow":"follow","max-snippet":"max-snippet:-1","max-image-preview":"max-image-preview:large","max-video-preview":"max-video-preview:-1"},"canonical":"https:\/\/skybortech.com\/fr\/aleseuse-portable-bd-50\/","og_locale":"fr_FR","og_type":"article","og_title":"Al\u00e9seuses en Ligne Portative BD 50","og_description":"L'al\u00e9seuse portable BD-50 \u00e9tend sa port\u00e9e \u00e0 l'int\u00e9rieur de l'al\u00e9sage, garantissant ainsi une r\u00e9silience maximale. Allame Makine !","og_url":"https:\/\/skybortech.com\/fr\/aleseuse-portable-bd-50\/","og_site_name":"Portable Line Boring Machines","article_publisher":"https:\/\/www.facebook.com\/portablelineboringmachines","article_modified_time":"2025-02-26T19:51:11+00:00","og_image":[{"width":609,"height":390,"url":"https:\/\/skybortech.com\/wp-content\/uploads\/2024\/10\/bd-50.png","type":"image\/png"}],"twitter_card":"summary_large_image","twitter_misc":{"Dur\u00e9e de lecture estim\u00e9e":"3 minutes"},"schema":{"@context":"https:\/\/schema.org","@graph":[{"@type":"WebPage","@id":"https:\/\/skybortech.com\/fr\/aleseuse-portable-bd-50\/","url":"https:\/\/skybortech.com\/fr\/aleseuse-portable-bd-50\/","name":"Al\u00e9seuses en Ligne Portative BD 50","isPartOf":{"@id":"https:\/\/skybortech.com\/fr\/#website"},"primaryImageOfPage":{"@id":"https:\/\/skybortech.com\/fr\/aleseuse-portable-bd-50\/#primaryimage"},"image":{"@id":"https:\/\/skybortech.com\/fr\/aleseuse-portable-bd-50\/#primaryimage"},"thumbnailUrl":"https:\/\/skybortech.com\/wp-content\/uploads\/2024\/10\/bd-50.png","datePublished":"2024-10-15T08:17:34+00:00","dateModified":"2025-02-26T19:51:11+00:00","description":"L'al\u00e9seuse portable BD-50 \u00e9tend sa port\u00e9e \u00e0 l'int\u00e9rieur de l'al\u00e9sage, garantissant ainsi une r\u00e9silience maximale. Allame Makine !","breadcrumb":{"@id":"https:\/\/skybortech.com\/fr\/aleseuse-portable-bd-50\/#breadcrumb"},"inLanguage":"fr-FR","potentialAction":[{"@type":"ReadAction","target":["https:\/\/skybortech.com\/fr\/aleseuse-portable-bd-50\/"]}]},{"@type":"ImageObject","inLanguage":"fr-FR","@id":"https:\/\/skybortech.com\/fr\/aleseuse-portable-bd-50\/#primaryimage","url":"https:\/\/skybortech.com\/wp-content\/uploads\/2024\/10\/bd-50.png","contentUrl":"https:\/\/skybortech.com\/wp-content\/uploads\/2024\/10\/bd-50.png","width":609,"height":390,"caption":"Portable Line Boring Machines BD 50"},{"@type":"BreadcrumbList","@id":"https:\/\/skybortech.com\/fr\/aleseuse-portable-bd-50\/#breadcrumb","itemListElement":[{"@type":"ListItem","position":1,"name":"Home","item":"https:\/\/skybortech.com\/fr\/domicile\/"},{"@type":"ListItem","position":2,"name":"Al\u00e9seuses en Ligne Portative BD 50"}]},{"@type":"WebSite","@id":"https:\/\/skybortech.com\/fr\/#website","url":"https:\/\/skybortech.com\/fr\/","name":"Portable Line Boring Machines","description":"Portable Line Boring Machines, Allame Makine Ltd. Sti.","publisher":{"@id":"https:\/\/skybortech.com\/fr\/#organization"},"alternateName":"Portable Line Boring Machines Manufacturer","potentialAction":[{"@type":"SearchAction","target":{"@type":"EntryPoint","urlTemplate":"https:\/\/skybortech.com\/fr\/?s={search_term_string}"},"query-input":{"@type":"PropertyValueSpecification","valueRequired":true,"valueName":"search_term_string"}}],"inLanguage":"fr-FR"},{"@type":"Organization","@id":"https:\/\/skybortech.com\/fr\/#organization","name":"Portable Line Boring Machines!","alternateName":"Line Boring Machines Manufacturer.","url":"https:\/\/skybortech.com\/fr\/","logo":{"@type":"ImageObject","inLanguage":"fr-FR","@id":"https:\/\/skybortech.com\/fr\/#\/schema\/logo\/image\/","url":"https:\/\/skybortech.com\/wp-content\/uploads\/2024\/10\/skybortech-logo-new5.png","contentUrl":"https:\/\/skybortech.com\/wp-content\/uploads\/2024\/10\/skybortech-logo-new5.png","width":358,"height":120,"caption":"Portable Line Boring Machines!"},"image":{"@id":"https:\/\/skybortech.com\/fr\/#\/schema\/logo\/image\/"},"sameAs":["https:\/\/www.facebook.com\/portablelineboringmachines","https:\/\/www.youtube.com\/@portablelineboringmachines\/videos"],"description":"Portable Line Boring Machines Manufacturer from Turkiye.","email":"info@skybortech.com","telephone":"+905337789941","legalName":"Allame Makine Ltd Sti","foundingDate":"1997-01-01","taxID":"0550635748","numberOfEmployees":{"@type":"QuantitativeValue","minValue":"11","maxValue":"50"}}]}},"_links":{"self":[{"href":"https:\/\/skybortech.com\/fr\/wp-json\/wp\/v2\/pages\/7999","targetHints":{"allow":["GET"]}}],"collection":[{"href":"https:\/\/skybortech.com\/fr\/wp-json\/wp\/v2\/pages"}],"about":[{"href":"https:\/\/skybortech.com\/fr\/wp-json\/wp\/v2\/types\/page"}],"author":[{"embeddable":true,"href":"https:\/\/skybortech.com\/fr\/wp-json\/wp\/v2\/users\/1"}],"replies":[{"embeddable":true,"href":"https:\/\/skybortech.com\/fr\/wp-json\/wp\/v2\/comments?post=7999"}],"version-history":[{"count":0,"href":"https:\/\/skybortech.com\/fr\/wp-json\/wp\/v2\/pages\/7999\/revisions"}],"wp:featuredmedia":[{"embeddable":true,"href":"https:\/\/skybortech.com\/fr\/wp-json\/wp\/v2\/media\/7744"}],"wp:attachment":[{"href":"https:\/\/skybortech.com\/fr\/wp-json\/wp\/v2\/media?parent=7999"}],"curies":[{"name":"wp","href":"https:\/\/api.w.org\/{rel}","templated":true}]}}