{"id":7985,"date":"2024-10-15T08:18:48","date_gmt":"2024-10-15T08:18:48","guid":{"rendered":"https:\/\/skybortech.com\/plaqueuse-de-brides-portable\/"},"modified":"2024-10-27T20:22:49","modified_gmt":"2024-10-27T20:22:49","slug":"plaqueuse-de-brides-portable","status":"publish","type":"page","link":"https:\/\/skybortech.com\/fr\/plaqueuse-de-brides-portable\/","title":{"rendered":"Plaqueuse de brides portable"},"content":{"rendered":"<div class=\"wpb-content-wrapper\"><p>[vc_row css=&#8221;.vc_custom_1451991003825{margin-top: 30px !important;margin-bottom: 100px !important;}&#8221;][vc_column offset=&#8221;vc_col-lg-9 vc_col-md-9&#8243;][vc_single_image image=&#8221;7642&#8243; img_size=&#8221;full&#8221; css=&#8221;&#8221;][vc_column_text css=&#8221;.vc_custom_1730056227340{margin-top: 40px !important;}&#8221;]<\/p>\n<h3>Plaqueuse de brides portable<\/h3>\n<p class=\"p1\">Les machines portatives \u00e0 surfacer les brides sont devenues la solution id\u00e9ale pour les industries exigeant pr\u00e9cision et mobilit\u00e9 dans leurs processus d&#8217;usinage. Elles font \u00e9galement partie des <a href=\"https:\/\/skybortech.com\/line-boring-machine-bd-40\/\">al\u00e9seuses de ligne<\/a>. Que vous soyez n&#8217;importe o\u00f9 dans le monde, comprendre les capacit\u00e9s de ces outils polyvalents est essentiel pour assurer un tournage et une maintenance efficaces des brides. Voyons ce qui fait des machines \u00e0 surfacer les brides portables un changement de cap dans le domaine de l&#8217;usinage.   <\/p>\n<p class=\"p2\"><b>Qu&#8217;est-ce qu&#8217;une machine portative de surfa\u00e7age de brides ?<\/b><\/p>\n<p class=\"p1\">Une machine portable \u00e0 surfacer les brides, \u00e9galement appel\u00e9e profileuse de brides, est un outil sp\u00e9cialis\u00e9 con\u00e7u pour l&#8217;usinage sur place des brides. Ces machines offrent la flexibilit\u00e9 et la commodit\u00e9 d&#8217;\u00eatre facilement transport\u00e9es sur le site de travail, \u00e9liminant ainsi la n\u00e9cessit\u00e9 d&#8217;une installation complexe et du transport d&#8217;un \u00e9quipement lourd. <\/p>\n<p>[\/vc_column_text][\/vc_column][vc_column width=&#8221;1\/4&#8243; offset=&#8221;vc_hidden-sm vc_hidden-xs&#8221;][stm_sidebar sidebar=&#8221;311&#8243;][\/vc_column][\/vc_row][vc_row full_width=&#8221;stretch_row&#8221; el_class=&#8221;third_bg_color&#8221; css=&#8221;.vc_custom_1451889219674{margin-bottom: -60px !important;}&#8221;][vc_column][vc_cta h2=&#8221;vous pouvez utiliser notre formulaire de contact rapide pour obtenir plus d&apos;informations sur nos machines.&#8221; h2_font_container=&#8221;tag:h2|font_size:20px|text_align:left|color:%23000000|line_height:24px&#8221; h2_use_theme_fonts=&#8221;yes&#8221; shape=&#8221;square&#8221; style=&#8221;flat&#8221; add_button=&#8221;right&#8221; btn_title=&#8221;obtenir un devis&#8221; btn_style=&#8221;flat&#8221; btn_color=&#8221;theme_style_2&#8243; btn_align=&#8221;right&#8221; btn_i_align=&#8221;right&#8221; btn_i_icon_fontawesome=&#8221;stm-quote-rounded&#8221; css=&#8221;.vc_custom_1729069081032{margin-bottom: 0px !important;}&#8221; particles=&#8221;yes&#8221; use_custom_fonts_h2=&#8221;true&#8221; btn_button_block=&#8221;true&#8221; btn_add_icon=&#8221;true&#8221; el_class=&#8221;third_bg_color&#8221; h2_link=&#8221;url:https%3A%2F%2Fskybortech.com%2Fcontact-us%2F&#8221; btn_link=&#8221;url:https%3A%2F%2Fskybortech.com%2Fcontact-us%2F|&#8221;][\/vc_cta][\/vc_column][\/vc_row]<\/p>\n<\/div>","protected":false},"excerpt":{"rendered":"<p>[vc_row css=&#8221;.vc_custom_1451991003825{margin-top: 30px !important;margin-bottom: 100px !important;}&#8221;][vc_column offset=&#8221;vc_col-lg-9 vc_col-md-9&#8243;][vc_single_image image=&#8221;7642&#8243; img_size=&#8221;full&#8221; css=&#8221;&#8221;][vc_column_text css=&#8221;.vc_custom_1730056227340{margin-top: 40px !important;}&#8221;] Plaqueuse de brides portable Les machines portatives \u00e0 surfacer les brides sont devenues la solution id\u00e9ale pour les industries exigeant pr\u00e9cision et mobilit\u00e9 dans leurs processus d&#8217;usinage. Elles font \u00e9galement partie des al\u00e9seuses de ligne. Que vous soyez n&#8217;importe o\u00f9 dans<\/p>\n","protected":false},"author":1,"featured_media":7660,"parent":0,"menu_order":0,"comment_status":"closed","ping_status":"closed","template":"","meta":{"_joinchat":[],"footnotes":""},"class_list":["post-7985","page","type-page","status-publish","has-post-thumbnail","hentry"],"yoast_head":"<!-- This site is optimized with the Yoast SEO Premium plugin v25.8 (Yoast SEO v27.0) - https:\/\/yoast.com\/product\/yoast-seo-premium-wordpress\/ -->\n<title>Plaqueuse de brides portable<\/title>\n<meta name=\"description\" content=\"Les machines portables \u00e0 surfacer les brides sont devenues la solution de choix pour les industries qui exigent pr\u00e9cision et mobilit\u00e9 dans leurs processus d&#039;usinage.\" \/>\n<meta name=\"robots\" content=\"index, follow, max-snippet:-1, max-image-preview:large, max-video-preview:-1\" \/>\n<link rel=\"canonical\" href=\"https:\/\/skybortech.com\/fr\/plaqueuse-de-brides-portable\/\" \/>\n<meta property=\"og:locale\" content=\"fr_FR\" \/>\n<meta property=\"og:type\" content=\"article\" \/>\n<meta property=\"og:title\" content=\"Plaqueuse de brides portable\" \/>\n<meta property=\"og:description\" content=\"Les machines portables \u00e0 surfacer les brides sont devenues la solution de choix pour les industries qui exigent pr\u00e9cision et mobilit\u00e9 dans leurs processus d&#039;usinage.\" \/>\n<meta property=\"og:url\" content=\"https:\/\/skybortech.com\/fr\/plaqueuse-de-brides-portable\/\" \/>\n<meta property=\"og:site_name\" content=\"Portable Line Boring Machines\" \/>\n<meta property=\"article:publisher\" content=\"https:\/\/www.facebook.com\/portablelineboringmachines\" \/>\n<meta property=\"article:modified_time\" content=\"2024-10-27T20:22:49+00:00\" \/>\n<meta property=\"og:image\" content=\"https:\/\/skybortech.com\/wp-content\/uploads\/2024\/10\/portable-flange-facer-main-1.webp\" \/>\n\t<meta property=\"og:image:width\" content=\"1200\" \/>\n\t<meta property=\"og:image:height\" content=\"810\" \/>\n\t<meta property=\"og:image:type\" content=\"image\/webp\" \/>\n<meta name=\"twitter:card\" content=\"summary_large_image\" \/>\n<meta name=\"twitter:label1\" content=\"Dur\u00e9e de lecture estim\u00e9e\" \/>\n\t<meta name=\"twitter:data1\" content=\"2 minutes\" \/>\n<script type=\"application\/ld+json\" class=\"yoast-schema-graph\">{\"@context\":\"https:\/\/schema.org\",\"@graph\":[{\"@type\":\"WebPage\",\"@id\":\"https:\/\/skybortech.com\/fr\/plaqueuse-de-brides-portable\/\",\"url\":\"https:\/\/skybortech.com\/fr\/plaqueuse-de-brides-portable\/\",\"name\":\"Plaqueuse de brides portable\",\"isPartOf\":{\"@id\":\"https:\/\/skybortech.com\/fr\/#website\"},\"primaryImageOfPage\":{\"@id\":\"https:\/\/skybortech.com\/fr\/plaqueuse-de-brides-portable\/#primaryimage\"},\"image\":{\"@id\":\"https:\/\/skybortech.com\/fr\/plaqueuse-de-brides-portable\/#primaryimage\"},\"thumbnailUrl\":\"https:\/\/skybortech.com\/wp-content\/uploads\/2024\/10\/portable-flange-facer-main-1.webp\",\"datePublished\":\"2024-10-15T08:18:48+00:00\",\"dateModified\":\"2024-10-27T20:22:49+00:00\",\"description\":\"Les machines portables \u00e0 surfacer les brides sont devenues la solution de choix pour les industries qui exigent pr\u00e9cision et mobilit\u00e9 dans leurs processus d'usinage.\",\"breadcrumb\":{\"@id\":\"https:\/\/skybortech.com\/fr\/plaqueuse-de-brides-portable\/#breadcrumb\"},\"inLanguage\":\"fr-FR\",\"potentialAction\":[{\"@type\":\"ReadAction\",\"target\":[\"https:\/\/skybortech.com\/fr\/plaqueuse-de-brides-portable\/\"]}]},{\"@type\":\"ImageObject\",\"inLanguage\":\"fr-FR\",\"@id\":\"https:\/\/skybortech.com\/fr\/plaqueuse-de-brides-portable\/#primaryimage\",\"url\":\"https:\/\/skybortech.com\/wp-content\/uploads\/2024\/10\/portable-flange-facer-main-1.webp\",\"contentUrl\":\"https:\/\/skybortech.com\/wp-content\/uploads\/2024\/10\/portable-flange-facer-main-1.webp\",\"width\":1200,\"height\":810,\"caption\":\"portable flange facer main\"},{\"@type\":\"BreadcrumbList\",\"@id\":\"https:\/\/skybortech.com\/fr\/plaqueuse-de-brides-portable\/#breadcrumb\",\"itemListElement\":[{\"@type\":\"ListItem\",\"position\":1,\"name\":\"Home\",\"item\":\"https:\/\/skybortech.com\/fr\/domicile\/\"},{\"@type\":\"ListItem\",\"position\":2,\"name\":\"Plaqueuse de brides portable\"}]},{\"@type\":\"WebSite\",\"@id\":\"https:\/\/skybortech.com\/fr\/#website\",\"url\":\"https:\/\/skybortech.com\/fr\/\",\"name\":\"Portable Line Boring Machines\",\"description\":\"Portable Line Boring Machines, Allame Makine Ltd. Sti.\",\"publisher\":{\"@id\":\"https:\/\/skybortech.com\/fr\/#organization\"},\"alternateName\":\"Portable Line Boring Machines Manufacturer\",\"potentialAction\":[{\"@type\":\"SearchAction\",\"target\":{\"@type\":\"EntryPoint\",\"urlTemplate\":\"https:\/\/skybortech.com\/fr\/?s={search_term_string}\"},\"query-input\":{\"@type\":\"PropertyValueSpecification\",\"valueRequired\":true,\"valueName\":\"search_term_string\"}}],\"inLanguage\":\"fr-FR\"},{\"@type\":\"Organization\",\"@id\":\"https:\/\/skybortech.com\/fr\/#organization\",\"name\":\"Portable Line Boring Machines!\",\"alternateName\":\"Line Boring Machines Manufacturer.\",\"url\":\"https:\/\/skybortech.com\/fr\/\",\"logo\":{\"@type\":\"ImageObject\",\"inLanguage\":\"fr-FR\",\"@id\":\"https:\/\/skybortech.com\/fr\/#\/schema\/logo\/image\/\",\"url\":\"https:\/\/skybortech.com\/wp-content\/uploads\/2024\/10\/skybortech-logo-new5.png\",\"contentUrl\":\"https:\/\/skybortech.com\/wp-content\/uploads\/2024\/10\/skybortech-logo-new5.png\",\"width\":358,\"height\":120,\"caption\":\"Portable Line Boring Machines!\"},\"image\":{\"@id\":\"https:\/\/skybortech.com\/fr\/#\/schema\/logo\/image\/\"},\"sameAs\":[\"https:\/\/www.facebook.com\/portablelineboringmachines\",\"https:\/\/www.youtube.com\/@portablelineboringmachines\/videos\"],\"description\":\"Portable Line Boring Machines Manufacturer from Turkiye.\",\"email\":\"info@skybortech.com\",\"telephone\":\"+905337789941\",\"legalName\":\"Allame Makine Ltd Sti\",\"foundingDate\":\"1997-01-01\",\"taxID\":\"0550635748\",\"numberOfEmployees\":{\"@type\":\"QuantitativeValue\",\"minValue\":\"11\",\"maxValue\":\"50\"}}]}<\/script>\n<!-- \/ Yoast SEO Premium plugin. -->","yoast_head_json":{"title":"Plaqueuse de brides portable","description":"Les machines portables \u00e0 surfacer les brides sont devenues la solution de choix pour les industries qui exigent pr\u00e9cision et mobilit\u00e9 dans leurs processus d'usinage.","robots":{"index":"index","follow":"follow","max-snippet":"max-snippet:-1","max-image-preview":"max-image-preview:large","max-video-preview":"max-video-preview:-1"},"canonical":"https:\/\/skybortech.com\/fr\/plaqueuse-de-brides-portable\/","og_locale":"fr_FR","og_type":"article","og_title":"Plaqueuse de brides portable","og_description":"Les machines portables \u00e0 surfacer les brides sont devenues la solution de choix pour les industries qui exigent pr\u00e9cision et mobilit\u00e9 dans leurs processus d'usinage.","og_url":"https:\/\/skybortech.com\/fr\/plaqueuse-de-brides-portable\/","og_site_name":"Portable Line Boring Machines","article_publisher":"https:\/\/www.facebook.com\/portablelineboringmachines","article_modified_time":"2024-10-27T20:22:49+00:00","og_image":[{"width":1200,"height":810,"url":"https:\/\/skybortech.com\/wp-content\/uploads\/2024\/10\/portable-flange-facer-main-1.webp","type":"image\/webp"}],"twitter_card":"summary_large_image","twitter_misc":{"Dur\u00e9e de lecture estim\u00e9e":"2 minutes"},"schema":{"@context":"https:\/\/schema.org","@graph":[{"@type":"WebPage","@id":"https:\/\/skybortech.com\/fr\/plaqueuse-de-brides-portable\/","url":"https:\/\/skybortech.com\/fr\/plaqueuse-de-brides-portable\/","name":"Plaqueuse de brides portable","isPartOf":{"@id":"https:\/\/skybortech.com\/fr\/#website"},"primaryImageOfPage":{"@id":"https:\/\/skybortech.com\/fr\/plaqueuse-de-brides-portable\/#primaryimage"},"image":{"@id":"https:\/\/skybortech.com\/fr\/plaqueuse-de-brides-portable\/#primaryimage"},"thumbnailUrl":"https:\/\/skybortech.com\/wp-content\/uploads\/2024\/10\/portable-flange-facer-main-1.webp","datePublished":"2024-10-15T08:18:48+00:00","dateModified":"2024-10-27T20:22:49+00:00","description":"Les machines portables \u00e0 surfacer les brides sont devenues la solution de choix pour les industries qui exigent pr\u00e9cision et mobilit\u00e9 dans leurs processus d'usinage.","breadcrumb":{"@id":"https:\/\/skybortech.com\/fr\/plaqueuse-de-brides-portable\/#breadcrumb"},"inLanguage":"fr-FR","potentialAction":[{"@type":"ReadAction","target":["https:\/\/skybortech.com\/fr\/plaqueuse-de-brides-portable\/"]}]},{"@type":"ImageObject","inLanguage":"fr-FR","@id":"https:\/\/skybortech.com\/fr\/plaqueuse-de-brides-portable\/#primaryimage","url":"https:\/\/skybortech.com\/wp-content\/uploads\/2024\/10\/portable-flange-facer-main-1.webp","contentUrl":"https:\/\/skybortech.com\/wp-content\/uploads\/2024\/10\/portable-flange-facer-main-1.webp","width":1200,"height":810,"caption":"portable flange facer main"},{"@type":"BreadcrumbList","@id":"https:\/\/skybortech.com\/fr\/plaqueuse-de-brides-portable\/#breadcrumb","itemListElement":[{"@type":"ListItem","position":1,"name":"Home","item":"https:\/\/skybortech.com\/fr\/domicile\/"},{"@type":"ListItem","position":2,"name":"Plaqueuse de brides portable"}]},{"@type":"WebSite","@id":"https:\/\/skybortech.com\/fr\/#website","url":"https:\/\/skybortech.com\/fr\/","name":"Portable Line Boring Machines","description":"Portable Line Boring Machines, Allame Makine Ltd. Sti.","publisher":{"@id":"https:\/\/skybortech.com\/fr\/#organization"},"alternateName":"Portable Line Boring Machines Manufacturer","potentialAction":[{"@type":"SearchAction","target":{"@type":"EntryPoint","urlTemplate":"https:\/\/skybortech.com\/fr\/?s={search_term_string}"},"query-input":{"@type":"PropertyValueSpecification","valueRequired":true,"valueName":"search_term_string"}}],"inLanguage":"fr-FR"},{"@type":"Organization","@id":"https:\/\/skybortech.com\/fr\/#organization","name":"Portable Line Boring Machines!","alternateName":"Line Boring Machines Manufacturer.","url":"https:\/\/skybortech.com\/fr\/","logo":{"@type":"ImageObject","inLanguage":"fr-FR","@id":"https:\/\/skybortech.com\/fr\/#\/schema\/logo\/image\/","url":"https:\/\/skybortech.com\/wp-content\/uploads\/2024\/10\/skybortech-logo-new5.png","contentUrl":"https:\/\/skybortech.com\/wp-content\/uploads\/2024\/10\/skybortech-logo-new5.png","width":358,"height":120,"caption":"Portable Line Boring Machines!"},"image":{"@id":"https:\/\/skybortech.com\/fr\/#\/schema\/logo\/image\/"},"sameAs":["https:\/\/www.facebook.com\/portablelineboringmachines","https:\/\/www.youtube.com\/@portablelineboringmachines\/videos"],"description":"Portable Line Boring Machines Manufacturer from Turkiye.","email":"info@skybortech.com","telephone":"+905337789941","legalName":"Allame Makine Ltd Sti","foundingDate":"1997-01-01","taxID":"0550635748","numberOfEmployees":{"@type":"QuantitativeValue","minValue":"11","maxValue":"50"}}]}},"_links":{"self":[{"href":"https:\/\/skybortech.com\/fr\/wp-json\/wp\/v2\/pages\/7985","targetHints":{"allow":["GET"]}}],"collection":[{"href":"https:\/\/skybortech.com\/fr\/wp-json\/wp\/v2\/pages"}],"about":[{"href":"https:\/\/skybortech.com\/fr\/wp-json\/wp\/v2\/types\/page"}],"author":[{"embeddable":true,"href":"https:\/\/skybortech.com\/fr\/wp-json\/wp\/v2\/users\/1"}],"replies":[{"embeddable":true,"href":"https:\/\/skybortech.com\/fr\/wp-json\/wp\/v2\/comments?post=7985"}],"version-history":[{"count":0,"href":"https:\/\/skybortech.com\/fr\/wp-json\/wp\/v2\/pages\/7985\/revisions"}],"wp:featuredmedia":[{"embeddable":true,"href":"https:\/\/skybortech.com\/fr\/wp-json\/wp\/v2\/media\/7660"}],"wp:attachment":[{"href":"https:\/\/skybortech.com\/fr\/wp-json\/wp\/v2\/media?parent=7985"}],"curies":[{"name":"wp","href":"https:\/\/api.w.org\/{rel}","templated":true}]}}