{"id":8007,"date":"2015-12-15T07:37:33","date_gmt":"2015-12-15T07:37:33","guid":{"rendered":"https:\/\/skybortech.com\/ueber-uns\/"},"modified":"2024-10-27T20:23:03","modified_gmt":"2024-10-27T20:23:03","slug":"ueber-uns","status":"publish","type":"page","link":"https:\/\/skybortech.com\/de\/ueber-uns\/","title":{"rendered":"\u00dcber uns"},"content":{"rendered":"<div class=\"wpb-content-wrapper\"><p>[vc_row css=&#8221;.vc_custom_1451991003825{margin-top: 30px !important;margin-bottom: 100px !important;}&#8221;][vc_column offset=&#8221;vc_col-lg-9 vc_col-md-9&#8243;][vc_single_image image=&#8221;7625&#8243; img_size=&#8221;full&#8221; css=&#8221;&#8221;][vc_column_text css=&#8221;.vc_custom_1730055891603{margin-top: 40px !important;}&#8221;]<\/p>\n<h3><a href=\"https:\/\/allame.net\">ALLAME MAKI\u0307NA<\/a> VE BI\u0307LI\u0307\u015eI\u0307M SAN. T\u0130C. LTD. \u015eT\u0130   <\/h3>\n<p>Wir von SKYBORTECH sind Pioniere auf dem Gebiet der Pr\u00e4zisionsmaschinenl\u00f6sungen und haben uns auf tragbare Bohr- und Schwei\u00dfmaschinen spezialisiert. Unser Unternehmen kann auf eine mehr als zwei Jahrzehnte lange Geschichte zur\u00fcckblicken und hat sich zu Spitzenleistungen, Innovation und Kundenzufriedenheit verpflichtet.[\/vc_column_text][vc_column_text css=&#8221;.vc_custom_1728979093513{margin-bottom: 34px !important;}&#8221;]<\/p>\n<blockquote><p>Mit unseren tragbaren Reihenbohrmaschinen erreichen Sie Pr\u00e4zision, Effizienz und Vielseitigkeit wie nie zuvor. Erleben Sie den Unterschied aus erster Hand und revolutionieren Sie Ihre Reparatur- und Wartungsprozesse noch heute. Erleben Sie den Unterschied mit SKYBORTECH und bringen Sie Ihre Pr\u00e4zisionsmaschinenl\u00f6sungen auf die n\u00e4chste Stufe. Kontaktieren Sie uns noch heute, um mehr \u00fcber unsere innovativen Produkte zu erfahren und dar\u00fcber, wie wir Ihnen helfen k\u00f6nnen, Ihre Ziele zu erreichen.   <\/p><\/blockquote>\n<p>[\/vc_column_text][vc_row_inner][vc_column_inner width=&#8221;1\/2&#8243;][vc_custom_heading text=&#8221;Warum uns w\u00e4hlen?&#8221; font_container=&#8221;tag:h4|text_align:left|color:%23222222&#8243; use_theme_fonts=&#8221;yes&#8221; css=&#8221;.vc_custom_1728979020088{margin-bottom: 15px !important;}&#8221; el_class=&#8221;no_stripe&#8221;][vc_column_text css=&#8221;&#8221;]<\/p>\n<p class=\"p1\"><b>Unerreichte Kompetenz:<\/b> Mit jahrzehntelanger Erfahrung in der Branche bringen wir in jedes Projekt, das wir in Angriff nehmen, unvergleichliches Fachwissen ein. Unser Team von Fachleuten ist bestrebt, bei jeder von uns hergestellten Maschine h\u00f6chste Qualit\u00e4t und Leistung zu liefern. <\/p>\n<p class=\"p1\"><b>Au\u00dfergew\u00f6hnliche Qualit\u00e4t:<\/b> Wir sind stolz auf unser Engagement f\u00fcr Qualit\u00e4t, verwenden nur die hochwertigsten Materialien und halten uns an strenge Fertigungsstandards. Unsere Maschinen werden strengen Tests unterzogen, um Haltbarkeit, Zuverl\u00e4ssigkeit und dauerhafte Leistung zu gew\u00e4hrleisten. <\/p>\n<p class=\"p1\"><b>Innovative L\u00f6sungen:<\/b> Als Pioniere in diesem Bereich verschieben wir st\u00e4ndig die Grenzen der Innovation, um innovative L\u00f6sungen zu entwickeln, die den sich wandelnden Bed\u00fcrfnissen unserer Kunden gerecht werden. Von Pr\u00e4zisionssteuerungssystemen bis hin zu fortschrittlicher Automatisierung &#8211; unsere Maschinen sind darauf ausgelegt, Effizienz und Produktivit\u00e4t zu optimieren. <\/p>\n<p class=\"p1\"><b>Kundenorientierter Ansatz:<\/b> Bei <a href=\"https:\/\/skybortech.com\/de\/\">SKYBORTECH<\/a> Machine hat die Zufriedenheit unserer Kunden oberste Priorit\u00e4t. Wir arbeiten eng mit unseren Kunden zusammen, um ihre einzigartigen Anforderungen zu verstehen und ma\u00dfgeschneiderte L\u00f6sungen anzubieten, die ihre <\/p>\n<p>[\/vc_column_text][\/vc_column_inner][vc_column_inner width=&#8221;1\/2&#8243;][vc_single_image image=&#8221;7805&#8243; img_size=&#8221;full&#8221; style=&#8221;vc_box_border&#8221; css_animation=&#8221;fadeIn&#8221; css=&#8221;.vc_custom_1729068626376{margin-bottom: 1px !important;padding-top: 80px !important;}&#8221;][\/vc_column_inner][\/vc_row_inner][\/vc_column][vc_column width=&#8221;1\/4&#8243; offset=&#8221;vc_hidden-sm vc_hidden-xs&#8221;][stm_sidebar sidebar=&#8221;311&#8243;][\/vc_column][\/vc_row][vc_row full_width=&#8221;stretch_row&#8221; el_class=&#8221;third_bg_color&#8221; css=&#8221;.vc_custom_1451889219674{margin-bottom: -60px !important;}&#8221;][vc_column][vc_cta h2=&#8221;Sie k\u00f6nnen unser schnelles Kontaktformular verwenden, um weitere Informationen \u00fcber unsere Maschinen zu erhalten.&#8221; h2_font_container=&#8221;tag:h2|font_size:20px|text_align:left|color:%23000000|line_height:24px&#8221; h2_use_theme_fonts=&#8221;yes&#8221; shape=&#8221;square&#8221; style=&#8221;flat&#8221; add_button=&#8221;right&#8221; btn_title=&#8221;Angebot einholen&#8221; btn_style=&#8221;flat&#8221; btn_color=&#8221;theme_style_2&#8243; btn_align=&#8221;right&#8221; btn_i_align=&#8221;right&#8221; btn_i_icon_fontawesome=&#8221;stm-quote-rounded&#8221; css=&#8221;.vc_custom_1729068780865{margin-bottom: 0px !important;}&#8221; particles=&#8221;yes&#8221; use_custom_fonts_h2=&#8221;true&#8221; btn_button_block=&#8221;true&#8221; btn_add_icon=&#8221;true&#8221; el_class=&#8221;third_bg_color&#8221; h2_link=&#8221;url:https%3A%2F%2Fskybortech.com%2Fcontact-us%2F&#8221; btn_link=&#8221;url:https%3A%2F%2Fskybortech.com%2Fcontact-us%2F|&#8221;][\/vc_cta][\/vc_column][\/vc_row]<\/p>\n<\/div>","protected":false},"excerpt":{"rendered":"<p>[vc_row css=&#8221;.vc_custom_1451991003825{margin-top: 30px !important;margin-bottom: 100px !important;}&#8221;][vc_column offset=&#8221;vc_col-lg-9 vc_col-md-9&#8243;][vc_single_image image=&#8221;7625&#8243; img_size=&#8221;full&#8221; css=&#8221;&#8221;][vc_column_text css=&#8221;.vc_custom_1730055891603{margin-top: 40px !important;}&#8221;] ALLAME MAKI\u0307NA VE BI\u0307LI\u0307\u015eI\u0307M SAN. T\u0130C. LTD. \u015eT\u0130 Wir von SKYBORTECH sind Pioniere auf dem Gebiet der Pr\u00e4zisionsmaschinenl\u00f6sungen und haben uns auf tragbare Bohr- und Schwei\u00dfmaschinen spezialisiert. Unser Unternehmen kann auf eine mehr als zwei Jahrzehnte lange Geschichte zur\u00fcckblicken und hat<\/p>\n","protected":false},"author":1,"featured_media":7829,"parent":0,"menu_order":0,"comment_status":"closed","ping_status":"closed","template":"","meta":{"_joinchat":[],"footnotes":""},"class_list":["post-8007","page","type-page","status-publish","has-post-thumbnail","hentry"],"yoast_head":"<!-- This site is optimized with the Yoast SEO Premium plugin v25.8 (Yoast SEO v27.0) - https:\/\/yoast.com\/product\/yoast-seo-premium-wordpress\/ -->\n<title>\u00dcber uns<\/title>\n<meta name=\"description\" content=\"ls Pionier auf dem Gebiet der Pr\u00e4zisionsmaschinenl\u00f6sungen hat sich SKYBORTECH auf tragbare Linienbohr- und Schwei\u00dfmaschinen spezialisiert.\" \/>\n<meta name=\"robots\" content=\"index, follow, max-snippet:-1, max-image-preview:large, max-video-preview:-1\" \/>\n<link rel=\"canonical\" href=\"https:\/\/skybortech.com\/de\/ueber-uns\/\" \/>\n<meta property=\"og:locale\" content=\"de_DE\" \/>\n<meta property=\"og:type\" content=\"article\" \/>\n<meta property=\"og:title\" content=\"\u00dcber uns\" \/>\n<meta property=\"og:description\" content=\"ls Pionier auf dem Gebiet der Pr\u00e4zisionsmaschinenl\u00f6sungen hat sich SKYBORTECH auf tragbare Linienbohr- und Schwei\u00dfmaschinen spezialisiert.\" \/>\n<meta property=\"og:url\" content=\"https:\/\/skybortech.com\/de\/ueber-uns\/\" \/>\n<meta property=\"og:site_name\" content=\"Portable Line Boring Machines\" \/>\n<meta property=\"article:publisher\" content=\"https:\/\/www.facebook.com\/portablelineboringmachines\" \/>\n<meta property=\"article:modified_time\" content=\"2024-10-27T20:23:03+00:00\" \/>\n<meta property=\"og:image\" content=\"https:\/\/skybortech.com\/wp-content\/uploads\/2024\/10\/what-is-a-portable-line-boring-machine.webp\" \/>\n\t<meta property=\"og:image:width\" content=\"1200\" \/>\n\t<meta property=\"og:image:height\" content=\"902\" \/>\n\t<meta property=\"og:image:type\" content=\"image\/webp\" \/>\n<meta name=\"twitter:card\" content=\"summary_large_image\" \/>\n<meta name=\"twitter:label1\" content=\"Gesch\u00e4tzte Lesezeit\" \/>\n\t<meta name=\"twitter:data1\" content=\"3\u00a0Minuten\" \/>\n<script type=\"application\/ld+json\" class=\"yoast-schema-graph\">{\"@context\":\"https:\/\/schema.org\",\"@graph\":[{\"@type\":\"WebPage\",\"@id\":\"https:\/\/skybortech.com\/de\/ueber-uns\/\",\"url\":\"https:\/\/skybortech.com\/de\/ueber-uns\/\",\"name\":\"\u00dcber uns\",\"isPartOf\":{\"@id\":\"https:\/\/skybortech.com\/de\/#website\"},\"primaryImageOfPage\":{\"@id\":\"https:\/\/skybortech.com\/de\/ueber-uns\/#primaryimage\"},\"image\":{\"@id\":\"https:\/\/skybortech.com\/de\/ueber-uns\/#primaryimage\"},\"thumbnailUrl\":\"https:\/\/skybortech.com\/wp-content\/uploads\/2024\/10\/what-is-a-portable-line-boring-machine.webp\",\"datePublished\":\"2015-12-15T07:37:33+00:00\",\"dateModified\":\"2024-10-27T20:23:03+00:00\",\"description\":\"ls Pionier auf dem Gebiet der Pr\u00e4zisionsmaschinenl\u00f6sungen hat sich SKYBORTECH auf tragbare Linienbohr- und Schwei\u00dfmaschinen spezialisiert.\",\"breadcrumb\":{\"@id\":\"https:\/\/skybortech.com\/de\/ueber-uns\/#breadcrumb\"},\"inLanguage\":\"de\",\"potentialAction\":[{\"@type\":\"ReadAction\",\"target\":[\"https:\/\/skybortech.com\/de\/ueber-uns\/\"]}]},{\"@type\":\"ImageObject\",\"inLanguage\":\"de\",\"@id\":\"https:\/\/skybortech.com\/de\/ueber-uns\/#primaryimage\",\"url\":\"https:\/\/skybortech.com\/wp-content\/uploads\/2024\/10\/what-is-a-portable-line-boring-machine.webp\",\"contentUrl\":\"https:\/\/skybortech.com\/wp-content\/uploads\/2024\/10\/what-is-a-portable-line-boring-machine.webp\",\"width\":1200,\"height\":902,\"caption\":\"What Is A Portable Line Boring Machine?\"},{\"@type\":\"BreadcrumbList\",\"@id\":\"https:\/\/skybortech.com\/de\/ueber-uns\/#breadcrumb\",\"itemListElement\":[{\"@type\":\"ListItem\",\"position\":1,\"name\":\"Home\",\"item\":\"https:\/\/skybortech.com\/de\/zuhause\/\"},{\"@type\":\"ListItem\",\"position\":2,\"name\":\"\u00dcber uns\"}]},{\"@type\":\"WebSite\",\"@id\":\"https:\/\/skybortech.com\/de\/#website\",\"url\":\"https:\/\/skybortech.com\/de\/\",\"name\":\"Portable Line Boring Machines\",\"description\":\"Portable Line Boring Machines, Allame Makine Ltd. Sti.\",\"publisher\":{\"@id\":\"https:\/\/skybortech.com\/de\/#organization\"},\"alternateName\":\"Portable Line Boring Machines Manufacturer\",\"potentialAction\":[{\"@type\":\"SearchAction\",\"target\":{\"@type\":\"EntryPoint\",\"urlTemplate\":\"https:\/\/skybortech.com\/de\/?s={search_term_string}\"},\"query-input\":{\"@type\":\"PropertyValueSpecification\",\"valueRequired\":true,\"valueName\":\"search_term_string\"}}],\"inLanguage\":\"de\"},{\"@type\":\"Organization\",\"@id\":\"https:\/\/skybortech.com\/de\/#organization\",\"name\":\"Portable Line Boring Machines!\",\"alternateName\":\"Line Boring Machines Manufacturer.\",\"url\":\"https:\/\/skybortech.com\/de\/\",\"logo\":{\"@type\":\"ImageObject\",\"inLanguage\":\"de\",\"@id\":\"https:\/\/skybortech.com\/de\/#\/schema\/logo\/image\/\",\"url\":\"https:\/\/skybortech.com\/wp-content\/uploads\/2024\/10\/skybortech-logo-new5.png\",\"contentUrl\":\"https:\/\/skybortech.com\/wp-content\/uploads\/2024\/10\/skybortech-logo-new5.png\",\"width\":358,\"height\":120,\"caption\":\"Portable Line Boring Machines!\"},\"image\":{\"@id\":\"https:\/\/skybortech.com\/de\/#\/schema\/logo\/image\/\"},\"sameAs\":[\"https:\/\/www.facebook.com\/portablelineboringmachines\",\"https:\/\/www.youtube.com\/@portablelineboringmachines\/videos\"],\"description\":\"Portable Line Boring Machines Manufacturer from Turkiye.\",\"email\":\"info@skybortech.com\",\"telephone\":\"+905337789941\",\"legalName\":\"Allame Makine Ltd Sti\",\"foundingDate\":\"1997-01-01\",\"taxID\":\"0550635748\",\"numberOfEmployees\":{\"@type\":\"QuantitativeValue\",\"minValue\":\"11\",\"maxValue\":\"50\"}}]}<\/script>\n<!-- \/ Yoast SEO Premium plugin. -->","yoast_head_json":{"title":"\u00dcber uns","description":"ls Pionier auf dem Gebiet der Pr\u00e4zisionsmaschinenl\u00f6sungen hat sich SKYBORTECH auf tragbare Linienbohr- und Schwei\u00dfmaschinen spezialisiert.","robots":{"index":"index","follow":"follow","max-snippet":"max-snippet:-1","max-image-preview":"max-image-preview:large","max-video-preview":"max-video-preview:-1"},"canonical":"https:\/\/skybortech.com\/de\/ueber-uns\/","og_locale":"de_DE","og_type":"article","og_title":"\u00dcber uns","og_description":"ls Pionier auf dem Gebiet der Pr\u00e4zisionsmaschinenl\u00f6sungen hat sich SKYBORTECH auf tragbare Linienbohr- und Schwei\u00dfmaschinen spezialisiert.","og_url":"https:\/\/skybortech.com\/de\/ueber-uns\/","og_site_name":"Portable Line Boring Machines","article_publisher":"https:\/\/www.facebook.com\/portablelineboringmachines","article_modified_time":"2024-10-27T20:23:03+00:00","og_image":[{"width":1200,"height":902,"url":"https:\/\/skybortech.com\/wp-content\/uploads\/2024\/10\/what-is-a-portable-line-boring-machine.webp","type":"image\/webp"}],"twitter_card":"summary_large_image","twitter_misc":{"Gesch\u00e4tzte Lesezeit":"3\u00a0Minuten"},"schema":{"@context":"https:\/\/schema.org","@graph":[{"@type":"WebPage","@id":"https:\/\/skybortech.com\/de\/ueber-uns\/","url":"https:\/\/skybortech.com\/de\/ueber-uns\/","name":"\u00dcber uns","isPartOf":{"@id":"https:\/\/skybortech.com\/de\/#website"},"primaryImageOfPage":{"@id":"https:\/\/skybortech.com\/de\/ueber-uns\/#primaryimage"},"image":{"@id":"https:\/\/skybortech.com\/de\/ueber-uns\/#primaryimage"},"thumbnailUrl":"https:\/\/skybortech.com\/wp-content\/uploads\/2024\/10\/what-is-a-portable-line-boring-machine.webp","datePublished":"2015-12-15T07:37:33+00:00","dateModified":"2024-10-27T20:23:03+00:00","description":"ls Pionier auf dem Gebiet der Pr\u00e4zisionsmaschinenl\u00f6sungen hat sich SKYBORTECH auf tragbare Linienbohr- und Schwei\u00dfmaschinen spezialisiert.","breadcrumb":{"@id":"https:\/\/skybortech.com\/de\/ueber-uns\/#breadcrumb"},"inLanguage":"de","potentialAction":[{"@type":"ReadAction","target":["https:\/\/skybortech.com\/de\/ueber-uns\/"]}]},{"@type":"ImageObject","inLanguage":"de","@id":"https:\/\/skybortech.com\/de\/ueber-uns\/#primaryimage","url":"https:\/\/skybortech.com\/wp-content\/uploads\/2024\/10\/what-is-a-portable-line-boring-machine.webp","contentUrl":"https:\/\/skybortech.com\/wp-content\/uploads\/2024\/10\/what-is-a-portable-line-boring-machine.webp","width":1200,"height":902,"caption":"What Is A Portable Line Boring Machine?"},{"@type":"BreadcrumbList","@id":"https:\/\/skybortech.com\/de\/ueber-uns\/#breadcrumb","itemListElement":[{"@type":"ListItem","position":1,"name":"Home","item":"https:\/\/skybortech.com\/de\/zuhause\/"},{"@type":"ListItem","position":2,"name":"\u00dcber uns"}]},{"@type":"WebSite","@id":"https:\/\/skybortech.com\/de\/#website","url":"https:\/\/skybortech.com\/de\/","name":"Portable Line Boring Machines","description":"Portable Line Boring Machines, Allame Makine Ltd. Sti.","publisher":{"@id":"https:\/\/skybortech.com\/de\/#organization"},"alternateName":"Portable Line Boring Machines Manufacturer","potentialAction":[{"@type":"SearchAction","target":{"@type":"EntryPoint","urlTemplate":"https:\/\/skybortech.com\/de\/?s={search_term_string}"},"query-input":{"@type":"PropertyValueSpecification","valueRequired":true,"valueName":"search_term_string"}}],"inLanguage":"de"},{"@type":"Organization","@id":"https:\/\/skybortech.com\/de\/#organization","name":"Portable Line Boring Machines!","alternateName":"Line Boring Machines Manufacturer.","url":"https:\/\/skybortech.com\/de\/","logo":{"@type":"ImageObject","inLanguage":"de","@id":"https:\/\/skybortech.com\/de\/#\/schema\/logo\/image\/","url":"https:\/\/skybortech.com\/wp-content\/uploads\/2024\/10\/skybortech-logo-new5.png","contentUrl":"https:\/\/skybortech.com\/wp-content\/uploads\/2024\/10\/skybortech-logo-new5.png","width":358,"height":120,"caption":"Portable Line Boring Machines!"},"image":{"@id":"https:\/\/skybortech.com\/de\/#\/schema\/logo\/image\/"},"sameAs":["https:\/\/www.facebook.com\/portablelineboringmachines","https:\/\/www.youtube.com\/@portablelineboringmachines\/videos"],"description":"Portable Line Boring Machines Manufacturer from Turkiye.","email":"info@skybortech.com","telephone":"+905337789941","legalName":"Allame Makine Ltd Sti","foundingDate":"1997-01-01","taxID":"0550635748","numberOfEmployees":{"@type":"QuantitativeValue","minValue":"11","maxValue":"50"}}]}},"_links":{"self":[{"href":"https:\/\/skybortech.com\/de\/wp-json\/wp\/v2\/pages\/8007","targetHints":{"allow":["GET"]}}],"collection":[{"href":"https:\/\/skybortech.com\/de\/wp-json\/wp\/v2\/pages"}],"about":[{"href":"https:\/\/skybortech.com\/de\/wp-json\/wp\/v2\/types\/page"}],"author":[{"embeddable":true,"href":"https:\/\/skybortech.com\/de\/wp-json\/wp\/v2\/users\/1"}],"replies":[{"embeddable":true,"href":"https:\/\/skybortech.com\/de\/wp-json\/wp\/v2\/comments?post=8007"}],"version-history":[{"count":0,"href":"https:\/\/skybortech.com\/de\/wp-json\/wp\/v2\/pages\/8007\/revisions"}],"wp:featuredmedia":[{"embeddable":true,"href":"https:\/\/skybortech.com\/de\/wp-json\/wp\/v2\/media\/7829"}],"wp:attachment":[{"href":"https:\/\/skybortech.com\/de\/wp-json\/wp\/v2\/media?parent=8007"}],"curies":[{"name":"wp","href":"https:\/\/api.w.org\/{rel}","templated":true}]}}