{"id":7992,"date":"2024-10-15T08:18:01","date_gmt":"2024-10-15T08:18:01","guid":{"rendered":"https:\/\/skybortech.com\/tragbare-linienbohrmaschine-bd-60\/"},"modified":"2025-02-12T10:55:43","modified_gmt":"2025-02-12T10:55:43","slug":"tragbare-linienbohrmaschine-bd-60","status":"publish","type":"page","link":"https:\/\/skybortech.com\/de\/tragbare-linienbohrmaschine-bd-60\/","title":{"rendered":"Tragbare Linienbohrmaschine BD 60"},"content":{"rendered":"<div class=\"wpb-content-wrapper\"><p>[vc_row css=&#8221;.vc_custom_1451991003825{margin-top: 30px !important;margin-bottom: 100px !important;}&#8221;][vc_column offset=&#8221;vc_col-lg-9 vc_col-md-9&#8243;][vc_single_image image=&#8221;7637&#8243; img_size=&#8221;full&#8221; css=&#8221;&#8221;][vc_column_text css=&#8221;.vc_custom_1733820244617{margin-top: 40px !important;}&#8221;]<\/p>\n<figure id=\"attachment_10260\" aria-describedby=\"caption-attachment-10260\" style=\"width: 520px\" class=\"wp-caption alignleft\"><img decoding=\"async\" class=\"wp-image-10258 lazyload\" data-src=\"https:\/\/skybortech.com\/wp-content\/uploads\/2024\/11\/Portable-Line-Boring-Machines-5.jpg\" alt=\"Tragbare Linienbohrmaschinen (5)\" width=\"520\" height=\"390\" data-srcset=\"https:\/\/skybortech.com\/wp-content\/uploads\/2024\/11\/Portable-Line-Boring-Machines-5.jpg 1000w, https:\/\/skybortech.com\/wp-content\/uploads\/2024\/11\/Portable-Line-Boring-Machines-5-300x225.jpg 300w, https:\/\/skybortech.com\/wp-content\/uploads\/2024\/11\/Portable-Line-Boring-Machines-5-768x576.jpg 768w, https:\/\/skybortech.com\/wp-content\/uploads\/2024\/11\/Portable-Line-Boring-Machines-5-900x675.jpg 900w\" data-sizes=\"(max-width: 520px) 100vw, 520px\" src=\"data:image\/svg+xml;base64,PHN2ZyB3aWR0aD0iMSIgaGVpZ2h0PSIxIiB4bWxucz0iaHR0cDovL3d3dy53My5vcmcvMjAwMC9zdmciPjwvc3ZnPg==\" style=\"--smush-placeholder-width: 520px; --smush-placeholder-aspect-ratio: 520\/390;\" \/><figcaption id=\"caption-attachment-10260\" class=\"wp-caption-text\">Tragbare Linienbohrmaschinen (5)<\/figcaption><\/figure>\n<h3>Pr\u00e4zision und Effizienz bei der Bearbeitung von Werkst\u00fccken freisetzen<\/h3>\n<p class=\"p1\">Entdecken Sie die wesentlichen Merkmale und Vorteile unserer mobilen Reihenbohrmaschine, die auf Ihre Projektanforderungen zugeschnitten ist.<\/p>\n<p class=\"p2\"><b>Effizienter Bohrprozess:<\/b><\/p>\n<p class=\"p1\">Die <span class=\"s1\"><b>BD-60<\/b><\/span> ist ein <a href=\"https:\/\/skybortech.com\/de\/was-ist-eine-tragbare-linienbohrmaschine\/\">tragbares, mobiles Reihenbohrger\u00e4t<\/a>, das sich durch eine schnelle und pr\u00e4zise Vergr\u00f6\u00dferung der Bohrungsdurchmesser auszeichnet. Entwickelt f\u00fcr maximale Belastbarkeit und hervorragende Oberfl\u00e4cheng\u00fcte, gew\u00e4hrleistet es die effiziente Erstellung von Bohrungen in schweren Baumaschinen wie Ladern und Kr\u00e4nen und bietet eine unvergleichliche Kosteneffizienz. <\/p>\n<p class=\"p2\"><b>Vielseitiges und leistungsstarkes Design:<\/b><\/p>\n<p class=\"p1\">Unsere <strong>Reihenbohrmaschinen<\/strong> zeichnen sich durch ein leistungsstarkes und dennoch flexibles Design aus, das sie f\u00fcr eine Vielzahl von Anwendungen einfach zu bedienen macht. Ganz gleich, ob Sie mit Endladern oder Kr\u00e4nen arbeiten, die Anpassungsf\u00e4higkeit und Benutzerfreundlichkeit sorgen f\u00fcr nahtlose Bearbeitungsvorg\u00e4nge, erh\u00f6hen die Produktivit\u00e4t und minimieren die Ausfallzeiten. <\/p>\n<figure id=\"attachment_10252\" aria-describedby=\"caption-attachment-10252\" style=\"width: 500px\" class=\"wp-caption alignleft\"><img decoding=\"async\" class=\"wp-image-10250 lazyload\" data-src=\"https:\/\/skybortech.com\/wp-content\/uploads\/2024\/11\/Portable-Line-Boring-Machines-1.jpg\" alt=\"Tragbare Linienbohrmaschinen (1)\" width=\"500\" height=\"666\" data-srcset=\"https:\/\/skybortech.com\/wp-content\/uploads\/2024\/11\/Portable-Line-Boring-Machines-1.jpg 1500w, https:\/\/skybortech.com\/wp-content\/uploads\/2024\/11\/Portable-Line-Boring-Machines-1-225x300.jpg 225w, https:\/\/skybortech.com\/wp-content\/uploads\/2024\/11\/Portable-Line-Boring-Machines-1-768x1024.jpg 768w, https:\/\/skybortech.com\/wp-content\/uploads\/2024\/11\/Portable-Line-Boring-Machines-1-1152x1536.jpg 1152w, https:\/\/skybortech.com\/wp-content\/uploads\/2024\/11\/Portable-Line-Boring-Machines-1-900x1200.jpg 900w\" data-sizes=\"(max-width: 500px) 100vw, 500px\" src=\"data:image\/svg+xml;base64,PHN2ZyB3aWR0aD0iMSIgaGVpZ2h0PSIxIiB4bWxucz0iaHR0cDovL3d3dy53My5vcmcvMjAwMC9zdmciPjwvc3ZnPg==\" style=\"--smush-placeholder-width: 500px; --smush-placeholder-aspect-ratio: 500\/666;\" \/><figcaption id=\"caption-attachment-10252\" class=\"wp-caption-text\">Tragbare Linienbohrmaschinen<\/figcaption><\/figure>\n<p class=\"p2\"><b>Fortschrittliche Verarbeitung:<\/b><\/p>\n<p class=\"p1\">Das <em>tragbare Reihenbohrger\u00e4t<\/em> BD-60 ist hochwertig verarbeitet und robust konstruiert und bietet au\u00dfergew\u00f6hnliche Haltbarkeit und Zuverl\u00e4ssigkeit. Das modulare Design erleichtert die Installation und den Transport, w\u00e4hrend das elektronische Bedienfeld eine pr\u00e4zise Steuerung der Empfindlichkeit und der Leistung erm\u00f6glicht und so eine konstante Leistung gew\u00e4hrleistet. <\/p>\n<p class=\"p2\"><b>Wichtige Merkmale:<\/b><\/p>\n<ul class=\"ul1\">\n<li class=\"li3\"><b><\/b><span class=\"s2\">Motorgekoppeltes Getriebe f\u00fcr mehr Leistung und st\u00f6rungsfreien Betrieb.<\/span><\/li>\n<li class=\"li3\"><span class=\"s2\">Geh\u00e4rtete Zahnr\u00e4der mit 55 HRC f\u00fcr erh\u00f6hte Haltbarkeit und Langlebigkeit.<\/span><\/li>\n<li class=\"li3\"><span class=\"s2\">Leichte und dennoch robuste Konstruktion f\u00fcr einfache Aufstellung und Handhabung.<\/span><\/li>\n<li class=\"li3\"><span class=\"s2\">Schneller und unkomplizierter Aufbau mit gegossenen Aufstellkegeln und runden Lagerhalterungen.<\/span><\/li>\n<li class=\"li3\"><span class=\"s2\">Elektronisches Bedienfeld f\u00fcr die pr\u00e4zise Steuerung von Empfindlichkeit und Leistung.<\/span><\/li>\n<li class=\"li4\"><span class=\"s2\"><strong>600 Stunden Betriebsgarantie<\/strong> f\u00fcr Sicherheit und Zuverl\u00e4ssigkeit.<\/span><\/li>\n<\/ul>\n<p class=\"p2\"><b>Erleben Sie den Unterschied:<\/b><\/p>\n<p class=\"p1\">SKYBORTECH <a href=\"https:\/\/skybortech.com\/de\/tragbare-linienbohrmaschine-bd-50\/\"><span class=\"s1\"><b>Tragbare Linienbohrmaschine<\/b><\/span><\/a> bietet unvergleichliche Pr\u00e4zision und Effizienz und sorgt so f\u00fcr einen p\u00fcnktlichen Projektabschluss und hervorragende Qualit\u00e4t. Mit unseren professionellen technischen Maschinen k\u00f6nnen Sie Ihre Arbeitsabl\u00e4ufe rationalisieren und m\u00fchelos au\u00dfergew\u00f6hnliche Ergebnisse erzielen. Vertrauen Sie auf die Qualit\u00e4t und Leistung von <a href=\"https:\/\/allame.net\/\"><strong>SKYBORTECH<\/strong> <\/a>Maschinen f\u00fcr alle Ihre Bearbeitungsanforderungen.  <\/p>\n<p>[\/vc_column_text][vc_video link=&#8221;https:\/\/www.youtube.com\/embed\/QW9pZWB_nT0&#8243; el_aspect=&#8221;916&#8243; css=&#8221;&#8221;][vc_gallery images=&#8221;10302,10330,10288,10316,10267,10309,10274,10281,10295,10323,10337,10344,10351&#8243; title=&#8221;Fotos f\u00fcr BD60 Linienbohrmaschine&#8221;][vc_video link=&#8221;https:\/\/www.youtube.com\/embed\/ip40aSa00QM?si=2vkHDPNpetAQkcQK&#8221; css=&#8221;&#8221; title=&#8221;Linienbohrmaschine BD60&#8243;][vc_video link=&#8221;https:\/\/www.youtube.com\/embed\/n3gYj-ZzdpU&#8221; css=&#8221;&#8221; title=&#8221;Linienbohrmaschine BD60&#8243;][\/vc_column][vc_column width=&#8221;1\/4&#8243; offset=&#8221;vc_hidden-sm vc_hidden-xs&#8221;][stm_sidebar sidebar=&#8221;311&#8243;][\/vc_column][\/vc_row][vc_row full_width=&#8221;stretch_row&#8221; el_class=&#8221;third_bg_color&#8221; css=&#8221;.vc_custom_1451889219674{margin-bottom: -60px !important;}&#8221;][vc_column][vc_cta h2=&#8221;k\u00f6nnen Sie unser schnelles Kontaktformular verwenden, um weitere Informationen \u00fcber unsere Maschinen zu erhalten.&#8221; h2_font_container=&#8221;tag:h2|font_size:20px|text_align:left|color:%23000000|line_height:24px&#8221; h2_use_theme_fonts=&#8221;yes&#8221; shape=&#8221;square&#8221; style=&#8221;flat&#8221; add_button=&#8221;right&#8221; btn_title=&#8221;Angebot einholen&#8221; btn_style=&#8221;flat&#8221; btn_color=&#8221;theme_style_2&#8243; btn_align=&#8221;right&#8221; btn_i_align=&#8221;right&#8221; btn_i_icon_fontawesome=&#8221;stm-quote-rounded&#8221; css=&#8221;.vc_custom_1729069037077{margin-bottom: 0px !important;}&#8221; particles=&#8221;yes&#8221; use_custom_fonts_h2=&#8221;true&#8221; btn_button_block=&#8221;true&#8221; btn_add_icon=&#8221;true&#8221; el_class=&#8221;third_bg_color&#8221; h2_link=&#8221;url:https%3A%2F%2Fskybortech.com%2Fcontact-us%2F&#8221; btn_link=&#8221;url:https%3A%2F%2Fskybortech.com%2Fde%2Fkontaktieren-sie-uns%2F|&#8221;][\/vc_cta][\/vc_column][\/vc_row]<\/p>\n<\/div>","protected":false},"excerpt":{"rendered":"<p>[vc_row css=&#8221;.vc_custom_1451991003825{margin-top: 30px !important;margin-bottom: 100px !important;}&#8221;][vc_column offset=&#8221;vc_col-lg-9 vc_col-md-9&#8243;][vc_single_image image=&#8221;7637&#8243; img_size=&#8221;full&#8221; css=&#8221;&#8221;][vc_column_text css=&#8221;.vc_custom_1733820244617{margin-top: 40px !important;}&#8221;] Pr\u00e4zision und Effizienz bei der Bearbeitung von Werkst\u00fccken freisetzen Entdecken Sie die wesentlichen Merkmale und Vorteile unserer mobilen Reihenbohrmaschine, die auf Ihre Projektanforderungen zugeschnitten ist. Effizienter Bohrprozess: Die BD-60 ist ein tragbares, mobiles Reihenbohrger\u00e4t, das sich durch eine schnelle und pr\u00e4zise<\/p>\n","protected":false},"author":1,"featured_media":7751,"parent":0,"menu_order":0,"comment_status":"closed","ping_status":"closed","template":"","meta":{"_joinchat":[],"footnotes":""},"class_list":["post-7992","page","type-page","status-publish","has-post-thumbnail","hentry"],"yoast_head":"<!-- This site is optimized with the Yoast SEO Premium plugin v25.8 (Yoast SEO v27.0) - https:\/\/yoast.com\/product\/yoast-seo-premium-wordpress\/ -->\n<title>Tragbare Linienbohrmaschine BD 60<\/title>\n<meta name=\"description\" content=\"Entdecken Sie die wesentlichen Merkmale und Vorteile unserer mobilen Reihenbohrmaschine, die auf Ihre Projektanforderungen zugeschnitten ist.\" \/>\n<meta name=\"robots\" content=\"index, follow, max-snippet:-1, max-image-preview:large, max-video-preview:-1\" \/>\n<link rel=\"canonical\" href=\"https:\/\/skybortech.com\/de\/tragbare-linienbohrmaschine-bd-60\/\" \/>\n<meta property=\"og:locale\" content=\"de_DE\" \/>\n<meta property=\"og:type\" content=\"article\" \/>\n<meta property=\"og:title\" content=\"Tragbare Linienbohrmaschine BD 60\" \/>\n<meta property=\"og:description\" content=\"Entdecken Sie die wesentlichen Merkmale und Vorteile unserer mobilen Reihenbohrmaschine, die auf Ihre Projektanforderungen zugeschnitten ist.\" \/>\n<meta property=\"og:url\" content=\"https:\/\/skybortech.com\/de\/tragbare-linienbohrmaschine-bd-60\/\" \/>\n<meta property=\"og:site_name\" content=\"Portable Line Boring Machines\" \/>\n<meta property=\"article:publisher\" content=\"https:\/\/www.facebook.com\/portablelineboringmachines\" \/>\n<meta property=\"article:modified_time\" content=\"2025-02-12T10:55:43+00:00\" \/>\n<meta property=\"og:image\" content=\"https:\/\/skybortech.com\/wp-content\/uploads\/2024\/10\/bd-60.png\" \/>\n\t<meta property=\"og:image:width\" content=\"609\" \/>\n\t<meta property=\"og:image:height\" content=\"447\" \/>\n\t<meta property=\"og:image:type\" content=\"image\/png\" \/>\n<meta name=\"twitter:card\" content=\"summary_large_image\" \/>\n<meta name=\"twitter:label1\" content=\"Gesch\u00e4tzte Lesezeit\" \/>\n\t<meta name=\"twitter:data1\" content=\"3\u00a0Minuten\" \/>\n<script type=\"application\/ld+json\" class=\"yoast-schema-graph\">{\"@context\":\"https:\/\/schema.org\",\"@graph\":[{\"@type\":\"WebPage\",\"@id\":\"https:\/\/skybortech.com\/de\/tragbare-linienbohrmaschine-bd-60\/\",\"url\":\"https:\/\/skybortech.com\/de\/tragbare-linienbohrmaschine-bd-60\/\",\"name\":\"Tragbare Linienbohrmaschine BD 60\",\"isPartOf\":{\"@id\":\"https:\/\/skybortech.com\/de\/#website\"},\"primaryImageOfPage\":{\"@id\":\"https:\/\/skybortech.com\/de\/tragbare-linienbohrmaschine-bd-60\/#primaryimage\"},\"image\":{\"@id\":\"https:\/\/skybortech.com\/de\/tragbare-linienbohrmaschine-bd-60\/#primaryimage\"},\"thumbnailUrl\":\"https:\/\/skybortech.com\/wp-content\/uploads\/2024\/10\/bd-60.png\",\"datePublished\":\"2024-10-15T08:18:01+00:00\",\"dateModified\":\"2025-02-12T10:55:43+00:00\",\"description\":\"Entdecken Sie die wesentlichen Merkmale und Vorteile unserer mobilen Reihenbohrmaschine, die auf Ihre Projektanforderungen zugeschnitten ist.\",\"breadcrumb\":{\"@id\":\"https:\/\/skybortech.com\/de\/tragbare-linienbohrmaschine-bd-60\/#breadcrumb\"},\"inLanguage\":\"de\",\"potentialAction\":[{\"@type\":\"ReadAction\",\"target\":[\"https:\/\/skybortech.com\/de\/tragbare-linienbohrmaschine-bd-60\/\"]}]},{\"@type\":\"ImageObject\",\"inLanguage\":\"de\",\"@id\":\"https:\/\/skybortech.com\/de\/tragbare-linienbohrmaschine-bd-60\/#primaryimage\",\"url\":\"https:\/\/skybortech.com\/wp-content\/uploads\/2024\/10\/bd-60.png\",\"contentUrl\":\"https:\/\/skybortech.com\/wp-content\/uploads\/2024\/10\/bd-60.png\",\"width\":609,\"height\":447,\"caption\":\"Portable Line Boring Machines BD 60\"},{\"@type\":\"BreadcrumbList\",\"@id\":\"https:\/\/skybortech.com\/de\/tragbare-linienbohrmaschine-bd-60\/#breadcrumb\",\"itemListElement\":[{\"@type\":\"ListItem\",\"position\":1,\"name\":\"Home\",\"item\":\"https:\/\/skybortech.com\/de\/zuhause\/\"},{\"@type\":\"ListItem\",\"position\":2,\"name\":\"Tragbare Linienbohrmaschine BD 60\"}]},{\"@type\":\"WebSite\",\"@id\":\"https:\/\/skybortech.com\/de\/#website\",\"url\":\"https:\/\/skybortech.com\/de\/\",\"name\":\"Portable Line Boring Machines\",\"description\":\"Portable Line Boring Machines, Allame Makine Ltd. Sti.\",\"publisher\":{\"@id\":\"https:\/\/skybortech.com\/de\/#organization\"},\"alternateName\":\"Portable Line Boring Machines Manufacturer\",\"potentialAction\":[{\"@type\":\"SearchAction\",\"target\":{\"@type\":\"EntryPoint\",\"urlTemplate\":\"https:\/\/skybortech.com\/de\/?s={search_term_string}\"},\"query-input\":{\"@type\":\"PropertyValueSpecification\",\"valueRequired\":true,\"valueName\":\"search_term_string\"}}],\"inLanguage\":\"de\"},{\"@type\":\"Organization\",\"@id\":\"https:\/\/skybortech.com\/de\/#organization\",\"name\":\"Portable Line Boring Machines!\",\"alternateName\":\"Line Boring Machines Manufacturer.\",\"url\":\"https:\/\/skybortech.com\/de\/\",\"logo\":{\"@type\":\"ImageObject\",\"inLanguage\":\"de\",\"@id\":\"https:\/\/skybortech.com\/de\/#\/schema\/logo\/image\/\",\"url\":\"https:\/\/skybortech.com\/wp-content\/uploads\/2024\/10\/skybortech-logo-new5.png\",\"contentUrl\":\"https:\/\/skybortech.com\/wp-content\/uploads\/2024\/10\/skybortech-logo-new5.png\",\"width\":358,\"height\":120,\"caption\":\"Portable Line Boring Machines!\"},\"image\":{\"@id\":\"https:\/\/skybortech.com\/de\/#\/schema\/logo\/image\/\"},\"sameAs\":[\"https:\/\/www.facebook.com\/portablelineboringmachines\",\"https:\/\/www.youtube.com\/@portablelineboringmachines\/videos\"],\"description\":\"Portable Line Boring Machines Manufacturer from Turkiye.\",\"email\":\"info@skybortech.com\",\"telephone\":\"+905337789941\",\"legalName\":\"Allame Makine Ltd Sti\",\"foundingDate\":\"1997-01-01\",\"taxID\":\"0550635748\",\"numberOfEmployees\":{\"@type\":\"QuantitativeValue\",\"minValue\":\"11\",\"maxValue\":\"50\"}}]}<\/script>\n<!-- \/ Yoast SEO Premium plugin. -->","yoast_head_json":{"title":"Tragbare Linienbohrmaschine BD 60","description":"Entdecken Sie die wesentlichen Merkmale und Vorteile unserer mobilen Reihenbohrmaschine, die auf Ihre Projektanforderungen zugeschnitten ist.","robots":{"index":"index","follow":"follow","max-snippet":"max-snippet:-1","max-image-preview":"max-image-preview:large","max-video-preview":"max-video-preview:-1"},"canonical":"https:\/\/skybortech.com\/de\/tragbare-linienbohrmaschine-bd-60\/","og_locale":"de_DE","og_type":"article","og_title":"Tragbare Linienbohrmaschine BD 60","og_description":"Entdecken Sie die wesentlichen Merkmale und Vorteile unserer mobilen Reihenbohrmaschine, die auf Ihre Projektanforderungen zugeschnitten ist.","og_url":"https:\/\/skybortech.com\/de\/tragbare-linienbohrmaschine-bd-60\/","og_site_name":"Portable Line Boring Machines","article_publisher":"https:\/\/www.facebook.com\/portablelineboringmachines","article_modified_time":"2025-02-12T10:55:43+00:00","og_image":[{"width":609,"height":447,"url":"https:\/\/skybortech.com\/wp-content\/uploads\/2024\/10\/bd-60.png","type":"image\/png"}],"twitter_card":"summary_large_image","twitter_misc":{"Gesch\u00e4tzte Lesezeit":"3\u00a0Minuten"},"schema":{"@context":"https:\/\/schema.org","@graph":[{"@type":"WebPage","@id":"https:\/\/skybortech.com\/de\/tragbare-linienbohrmaschine-bd-60\/","url":"https:\/\/skybortech.com\/de\/tragbare-linienbohrmaschine-bd-60\/","name":"Tragbare Linienbohrmaschine BD 60","isPartOf":{"@id":"https:\/\/skybortech.com\/de\/#website"},"primaryImageOfPage":{"@id":"https:\/\/skybortech.com\/de\/tragbare-linienbohrmaschine-bd-60\/#primaryimage"},"image":{"@id":"https:\/\/skybortech.com\/de\/tragbare-linienbohrmaschine-bd-60\/#primaryimage"},"thumbnailUrl":"https:\/\/skybortech.com\/wp-content\/uploads\/2024\/10\/bd-60.png","datePublished":"2024-10-15T08:18:01+00:00","dateModified":"2025-02-12T10:55:43+00:00","description":"Entdecken Sie die wesentlichen Merkmale und Vorteile unserer mobilen Reihenbohrmaschine, die auf Ihre Projektanforderungen zugeschnitten ist.","breadcrumb":{"@id":"https:\/\/skybortech.com\/de\/tragbare-linienbohrmaschine-bd-60\/#breadcrumb"},"inLanguage":"de","potentialAction":[{"@type":"ReadAction","target":["https:\/\/skybortech.com\/de\/tragbare-linienbohrmaschine-bd-60\/"]}]},{"@type":"ImageObject","inLanguage":"de","@id":"https:\/\/skybortech.com\/de\/tragbare-linienbohrmaschine-bd-60\/#primaryimage","url":"https:\/\/skybortech.com\/wp-content\/uploads\/2024\/10\/bd-60.png","contentUrl":"https:\/\/skybortech.com\/wp-content\/uploads\/2024\/10\/bd-60.png","width":609,"height":447,"caption":"Portable Line Boring Machines BD 60"},{"@type":"BreadcrumbList","@id":"https:\/\/skybortech.com\/de\/tragbare-linienbohrmaschine-bd-60\/#breadcrumb","itemListElement":[{"@type":"ListItem","position":1,"name":"Home","item":"https:\/\/skybortech.com\/de\/zuhause\/"},{"@type":"ListItem","position":2,"name":"Tragbare Linienbohrmaschine BD 60"}]},{"@type":"WebSite","@id":"https:\/\/skybortech.com\/de\/#website","url":"https:\/\/skybortech.com\/de\/","name":"Portable Line Boring Machines","description":"Portable Line Boring Machines, Allame Makine Ltd. Sti.","publisher":{"@id":"https:\/\/skybortech.com\/de\/#organization"},"alternateName":"Portable Line Boring Machines Manufacturer","potentialAction":[{"@type":"SearchAction","target":{"@type":"EntryPoint","urlTemplate":"https:\/\/skybortech.com\/de\/?s={search_term_string}"},"query-input":{"@type":"PropertyValueSpecification","valueRequired":true,"valueName":"search_term_string"}}],"inLanguage":"de"},{"@type":"Organization","@id":"https:\/\/skybortech.com\/de\/#organization","name":"Portable Line Boring Machines!","alternateName":"Line Boring Machines Manufacturer.","url":"https:\/\/skybortech.com\/de\/","logo":{"@type":"ImageObject","inLanguage":"de","@id":"https:\/\/skybortech.com\/de\/#\/schema\/logo\/image\/","url":"https:\/\/skybortech.com\/wp-content\/uploads\/2024\/10\/skybortech-logo-new5.png","contentUrl":"https:\/\/skybortech.com\/wp-content\/uploads\/2024\/10\/skybortech-logo-new5.png","width":358,"height":120,"caption":"Portable Line Boring Machines!"},"image":{"@id":"https:\/\/skybortech.com\/de\/#\/schema\/logo\/image\/"},"sameAs":["https:\/\/www.facebook.com\/portablelineboringmachines","https:\/\/www.youtube.com\/@portablelineboringmachines\/videos"],"description":"Portable Line Boring Machines Manufacturer from Turkiye.","email":"info@skybortech.com","telephone":"+905337789941","legalName":"Allame Makine Ltd Sti","foundingDate":"1997-01-01","taxID":"0550635748","numberOfEmployees":{"@type":"QuantitativeValue","minValue":"11","maxValue":"50"}}]}},"_links":{"self":[{"href":"https:\/\/skybortech.com\/de\/wp-json\/wp\/v2\/pages\/7992","targetHints":{"allow":["GET"]}}],"collection":[{"href":"https:\/\/skybortech.com\/de\/wp-json\/wp\/v2\/pages"}],"about":[{"href":"https:\/\/skybortech.com\/de\/wp-json\/wp\/v2\/types\/page"}],"author":[{"embeddable":true,"href":"https:\/\/skybortech.com\/de\/wp-json\/wp\/v2\/users\/1"}],"replies":[{"embeddable":true,"href":"https:\/\/skybortech.com\/de\/wp-json\/wp\/v2\/comments?post=7992"}],"version-history":[{"count":0,"href":"https:\/\/skybortech.com\/de\/wp-json\/wp\/v2\/pages\/7992\/revisions"}],"wp:featuredmedia":[{"embeddable":true,"href":"https:\/\/skybortech.com\/de\/wp-json\/wp\/v2\/media\/7751"}],"wp:attachment":[{"href":"https:\/\/skybortech.com\/de\/wp-json\/wp\/v2\/media?parent=7992"}],"curies":[{"name":"wp","href":"https:\/\/api.w.org\/{rel}","templated":true}]}}