{"id":7989,"date":"2024-10-15T08:18:48","date_gmt":"2024-10-15T08:18:48","guid":{"rendered":"https:\/\/skybortech.com\/tragbares-flanschbearbeitungsgeraet\/"},"modified":"2024-10-27T20:22:54","modified_gmt":"2024-10-27T20:22:54","slug":"tragbares-flanschbearbeitungsgeraet","status":"publish","type":"page","link":"https:\/\/skybortech.com\/de\/tragbares-flanschbearbeitungsgeraet\/","title":{"rendered":"Tragbares Flanschbearbeitungsger\u00e4t"},"content":{"rendered":"<div class=\"wpb-content-wrapper\"><p>[vc_row css=&#8221;.vc_custom_1451991003825{margin-top: 30px !important;margin-bottom: 100px !important;}&#8221;][vc_column offset=&#8221;vc_col-lg-9 vc_col-md-9&#8243;][vc_single_image image=&#8221;7643&#8243; img_size=&#8221;full&#8221; css=&#8221;&#8221;][vc_column_text css=&#8221;.vc_custom_1730056227340{margin-top: 40px !important;}&#8221;]<\/p>\n<h3>Tragbares Flanschbearbeitungsger\u00e4t<\/h3>\n<p class=\"p1\">Tragbare Flanschbearbeitungsmaschinen sind zur bevorzugten L\u00f6sung f\u00fcr Branchen geworden, die Pr\u00e4zision und Mobilit\u00e4t bei ihren Bearbeitungsprozessen verlangen. Sie sind auch Teil von <a href=\"https:\/\/skybortech.com\/line-boring-machine-bd-40\/\">Reihenbohrmaschinen<\/a>. Unabh\u00e4ngig davon, wo auf der Welt Sie t\u00e4tig sind, ist das Verst\u00e4ndnis der F\u00e4higkeiten dieser vielseitigen Werkzeuge der Schl\u00fcssel zu einer effizienten Flanschbearbeitung und -wartung. Sehen wir uns an, was tragbare Flanschbearbeitungsmaschinen zu einem Wendepunkt in der Welt der Bearbeitung macht.   <\/p>\n<p class=\"p2\"><b>Was ist eine tragbare Flanschbearbeitungsmaschine?<\/b><\/p>\n<p class=\"p1\">Eine tragbare Flanschbearbeitungsmaschine, auch Flanschbearbeitungsmaschine genannt, ist ein Spezialwerkzeug f\u00fcr die Bearbeitung von Flanschen an Ort und Stelle. Diese Maschinen bieten die Flexibilit\u00e4t und den Komfort, dass sie leicht zum Einsatzort transportiert werden k\u00f6nnen, so dass keine komplizierte Einrichtung und kein Transport von schwerem Ger\u00e4t erforderlich sind. <\/p>\n<p>[\/vc_column_text][\/vc_column][vc_column width=&#8221;1\/4&#8243; offset=&#8221;vc_hidden-sm vc_hidden-xs&#8221;][stm_sidebar sidebar=&#8221;311&#8243;][\/vc_column][\/vc_row][vc_row full_width=&#8221;stretch_row&#8221; el_class=&#8221;third_bg_color&#8221; css=&#8221;.vc_custom_1451889219674{margin-bottom: -60px !important;}&#8221;][vc_column][vc_cta h2=&#8221;k\u00f6nnen Sie unser schnelles Kontaktformular verwenden, um weitere Informationen \u00fcber unsere Maschinen zu erhalten.&#8221; h2_font_container=&#8221;tag:h2|font_size:20px|text_align:left|color:%23000000|line_height:24px&#8221; h2_use_theme_fonts=&#8221;yes&#8221; shape=&#8221;square&#8221; style=&#8221;flat&#8221; add_button=&#8221;right&#8221; btn_title=&#8221;Angebot einholen&#8221; btn_style=&#8221;flat&#8221; btn_color=&#8221;theme_style_2&#8243; btn_align=&#8221;right&#8221; btn_i_align=&#8221;right&#8221; btn_i_icon_fontawesome=&#8221;stm-quote-rounded&#8221; css=&#8221;.vc_custom_1729069081032{margin-bottom: 0px !important;}&#8221; particles=&#8221;yes&#8221; use_custom_fonts_h2=&#8221;true&#8221; btn_button_block=&#8221;true&#8221; btn_add_icon=&#8221;true&#8221; el_class=&#8221;third_bg_color&#8221; h2_link=&#8221;url:https%3A%2F%2Fskybortech.com%2Fcontact-us%2F&#8221; btn_link=&#8221;url:https%3A%2F%2Fskybortech.com%2Fcontact-us%2F|&#8221;][\/vc_cta][\/vc_column][\/vc_row]<\/p>\n<\/div>","protected":false},"excerpt":{"rendered":"<p>[vc_row css=&#8221;.vc_custom_1451991003825{margin-top: 30px !important;margin-bottom: 100px !important;}&#8221;][vc_column offset=&#8221;vc_col-lg-9 vc_col-md-9&#8243;][vc_single_image image=&#8221;7643&#8243; img_size=&#8221;full&#8221; css=&#8221;&#8221;][vc_column_text css=&#8221;.vc_custom_1730056227340{margin-top: 40px !important;}&#8221;] Tragbares Flanschbearbeitungsger\u00e4t Tragbare Flanschbearbeitungsmaschinen sind zur bevorzugten L\u00f6sung f\u00fcr Branchen geworden, die Pr\u00e4zision und Mobilit\u00e4t bei ihren Bearbeitungsprozessen verlangen. Sie sind auch Teil von Reihenbohrmaschinen. Unabh\u00e4ngig davon, wo auf der Welt Sie t\u00e4tig sind, ist das Verst\u00e4ndnis der F\u00e4higkeiten dieser vielseitigen<\/p>\n","protected":false},"author":1,"featured_media":7661,"parent":0,"menu_order":0,"comment_status":"closed","ping_status":"closed","template":"","meta":{"_joinchat":[],"footnotes":""},"class_list":["post-7989","page","type-page","status-publish","has-post-thumbnail","hentry"],"yoast_head":"<!-- This site is optimized with the Yoast SEO Premium plugin v25.8 (Yoast SEO v27.0) - https:\/\/yoast.com\/product\/yoast-seo-premium-wordpress\/ -->\n<title>Tragbares Flanschbearbeitungsger\u00e4t<\/title>\n<meta name=\"description\" content=\"Tragbare Flanschbearbeitungsmaschinen sind zur bevorzugten L\u00f6sung f\u00fcr Branchen geworden, die Pr\u00e4zision und Mobilit\u00e4t bei ihren Bearbeitungsprozessen verlangen.\" \/>\n<meta name=\"robots\" content=\"index, follow, max-snippet:-1, max-image-preview:large, max-video-preview:-1\" \/>\n<link rel=\"canonical\" href=\"https:\/\/skybortech.com\/de\/tragbares-flanschbearbeitungsgeraet\/\" \/>\n<meta property=\"og:locale\" content=\"de_DE\" \/>\n<meta property=\"og:type\" content=\"article\" \/>\n<meta property=\"og:title\" content=\"Tragbares Flanschbearbeitungsger\u00e4t\" \/>\n<meta property=\"og:description\" content=\"Tragbare Flanschbearbeitungsmaschinen sind zur bevorzugten L\u00f6sung f\u00fcr Branchen geworden, die Pr\u00e4zision und Mobilit\u00e4t bei ihren Bearbeitungsprozessen verlangen.\" \/>\n<meta property=\"og:url\" content=\"https:\/\/skybortech.com\/de\/tragbares-flanschbearbeitungsgeraet\/\" \/>\n<meta property=\"og:site_name\" content=\"Portable Line Boring Machines\" \/>\n<meta property=\"article:publisher\" content=\"https:\/\/www.facebook.com\/portablelineboringmachines\" \/>\n<meta property=\"article:modified_time\" content=\"2024-10-27T20:22:54+00:00\" \/>\n<meta property=\"og:image\" content=\"https:\/\/skybortech.com\/wp-content\/uploads\/2024\/10\/portable-flange-facer-main-1.webp\" \/>\n\t<meta property=\"og:image:width\" content=\"1200\" \/>\n\t<meta property=\"og:image:height\" content=\"810\" \/>\n\t<meta property=\"og:image:type\" content=\"image\/webp\" \/>\n<meta name=\"twitter:card\" content=\"summary_large_image\" \/>\n<meta name=\"twitter:label1\" content=\"Gesch\u00e4tzte Lesezeit\" \/>\n\t<meta name=\"twitter:data1\" content=\"2\u00a0Minuten\" \/>\n<script type=\"application\/ld+json\" class=\"yoast-schema-graph\">{\"@context\":\"https:\/\/schema.org\",\"@graph\":[{\"@type\":\"WebPage\",\"@id\":\"https:\/\/skybortech.com\/de\/tragbares-flanschbearbeitungsgeraet\/\",\"url\":\"https:\/\/skybortech.com\/de\/tragbares-flanschbearbeitungsgeraet\/\",\"name\":\"Tragbares Flanschbearbeitungsger\u00e4t\",\"isPartOf\":{\"@id\":\"https:\/\/skybortech.com\/de\/#website\"},\"primaryImageOfPage\":{\"@id\":\"https:\/\/skybortech.com\/de\/tragbares-flanschbearbeitungsgeraet\/#primaryimage\"},\"image\":{\"@id\":\"https:\/\/skybortech.com\/de\/tragbares-flanschbearbeitungsgeraet\/#primaryimage\"},\"thumbnailUrl\":\"https:\/\/skybortech.com\/wp-content\/uploads\/2024\/10\/portable-flange-facer-main-1.webp\",\"datePublished\":\"2024-10-15T08:18:48+00:00\",\"dateModified\":\"2024-10-27T20:22:54+00:00\",\"description\":\"Tragbare Flanschbearbeitungsmaschinen sind zur bevorzugten L\u00f6sung f\u00fcr Branchen geworden, die Pr\u00e4zision und Mobilit\u00e4t bei ihren Bearbeitungsprozessen verlangen.\",\"breadcrumb\":{\"@id\":\"https:\/\/skybortech.com\/de\/tragbares-flanschbearbeitungsgeraet\/#breadcrumb\"},\"inLanguage\":\"de\",\"potentialAction\":[{\"@type\":\"ReadAction\",\"target\":[\"https:\/\/skybortech.com\/de\/tragbares-flanschbearbeitungsgeraet\/\"]}]},{\"@type\":\"ImageObject\",\"inLanguage\":\"de\",\"@id\":\"https:\/\/skybortech.com\/de\/tragbares-flanschbearbeitungsgeraet\/#primaryimage\",\"url\":\"https:\/\/skybortech.com\/wp-content\/uploads\/2024\/10\/portable-flange-facer-main-1.webp\",\"contentUrl\":\"https:\/\/skybortech.com\/wp-content\/uploads\/2024\/10\/portable-flange-facer-main-1.webp\",\"width\":1200,\"height\":810,\"caption\":\"portable flange facer main\"},{\"@type\":\"BreadcrumbList\",\"@id\":\"https:\/\/skybortech.com\/de\/tragbares-flanschbearbeitungsgeraet\/#breadcrumb\",\"itemListElement\":[{\"@type\":\"ListItem\",\"position\":1,\"name\":\"Home\",\"item\":\"https:\/\/skybortech.com\/de\/zuhause\/\"},{\"@type\":\"ListItem\",\"position\":2,\"name\":\"Tragbares Flanschbearbeitungsger\u00e4t\"}]},{\"@type\":\"WebSite\",\"@id\":\"https:\/\/skybortech.com\/de\/#website\",\"url\":\"https:\/\/skybortech.com\/de\/\",\"name\":\"Portable Line Boring Machines\",\"description\":\"Portable Line Boring Machines, Allame Makine Ltd. Sti.\",\"publisher\":{\"@id\":\"https:\/\/skybortech.com\/de\/#organization\"},\"alternateName\":\"Portable Line Boring Machines Manufacturer\",\"potentialAction\":[{\"@type\":\"SearchAction\",\"target\":{\"@type\":\"EntryPoint\",\"urlTemplate\":\"https:\/\/skybortech.com\/de\/?s={search_term_string}\"},\"query-input\":{\"@type\":\"PropertyValueSpecification\",\"valueRequired\":true,\"valueName\":\"search_term_string\"}}],\"inLanguage\":\"de\"},{\"@type\":\"Organization\",\"@id\":\"https:\/\/skybortech.com\/de\/#organization\",\"name\":\"Portable Line Boring Machines!\",\"alternateName\":\"Line Boring Machines Manufacturer.\",\"url\":\"https:\/\/skybortech.com\/de\/\",\"logo\":{\"@type\":\"ImageObject\",\"inLanguage\":\"de\",\"@id\":\"https:\/\/skybortech.com\/de\/#\/schema\/logo\/image\/\",\"url\":\"https:\/\/skybortech.com\/wp-content\/uploads\/2024\/10\/skybortech-logo-new5.png\",\"contentUrl\":\"https:\/\/skybortech.com\/wp-content\/uploads\/2024\/10\/skybortech-logo-new5.png\",\"width\":358,\"height\":120,\"caption\":\"Portable Line Boring Machines!\"},\"image\":{\"@id\":\"https:\/\/skybortech.com\/de\/#\/schema\/logo\/image\/\"},\"sameAs\":[\"https:\/\/www.facebook.com\/portablelineboringmachines\",\"https:\/\/www.youtube.com\/@portablelineboringmachines\/videos\"],\"description\":\"Portable Line Boring Machines Manufacturer from Turkiye.\",\"email\":\"info@skybortech.com\",\"telephone\":\"+905337789941\",\"legalName\":\"Allame Makine Ltd Sti\",\"foundingDate\":\"1997-01-01\",\"taxID\":\"0550635748\",\"numberOfEmployees\":{\"@type\":\"QuantitativeValue\",\"minValue\":\"11\",\"maxValue\":\"50\"}}]}<\/script>\n<!-- \/ Yoast SEO Premium plugin. -->","yoast_head_json":{"title":"Tragbares Flanschbearbeitungsger\u00e4t","description":"Tragbare Flanschbearbeitungsmaschinen sind zur bevorzugten L\u00f6sung f\u00fcr Branchen geworden, die Pr\u00e4zision und Mobilit\u00e4t bei ihren Bearbeitungsprozessen verlangen.","robots":{"index":"index","follow":"follow","max-snippet":"max-snippet:-1","max-image-preview":"max-image-preview:large","max-video-preview":"max-video-preview:-1"},"canonical":"https:\/\/skybortech.com\/de\/tragbares-flanschbearbeitungsgeraet\/","og_locale":"de_DE","og_type":"article","og_title":"Tragbares Flanschbearbeitungsger\u00e4t","og_description":"Tragbare Flanschbearbeitungsmaschinen sind zur bevorzugten L\u00f6sung f\u00fcr Branchen geworden, die Pr\u00e4zision und Mobilit\u00e4t bei ihren Bearbeitungsprozessen verlangen.","og_url":"https:\/\/skybortech.com\/de\/tragbares-flanschbearbeitungsgeraet\/","og_site_name":"Portable Line Boring Machines","article_publisher":"https:\/\/www.facebook.com\/portablelineboringmachines","article_modified_time":"2024-10-27T20:22:54+00:00","og_image":[{"width":1200,"height":810,"url":"https:\/\/skybortech.com\/wp-content\/uploads\/2024\/10\/portable-flange-facer-main-1.webp","type":"image\/webp"}],"twitter_card":"summary_large_image","twitter_misc":{"Gesch\u00e4tzte Lesezeit":"2\u00a0Minuten"},"schema":{"@context":"https:\/\/schema.org","@graph":[{"@type":"WebPage","@id":"https:\/\/skybortech.com\/de\/tragbares-flanschbearbeitungsgeraet\/","url":"https:\/\/skybortech.com\/de\/tragbares-flanschbearbeitungsgeraet\/","name":"Tragbares Flanschbearbeitungsger\u00e4t","isPartOf":{"@id":"https:\/\/skybortech.com\/de\/#website"},"primaryImageOfPage":{"@id":"https:\/\/skybortech.com\/de\/tragbares-flanschbearbeitungsgeraet\/#primaryimage"},"image":{"@id":"https:\/\/skybortech.com\/de\/tragbares-flanschbearbeitungsgeraet\/#primaryimage"},"thumbnailUrl":"https:\/\/skybortech.com\/wp-content\/uploads\/2024\/10\/portable-flange-facer-main-1.webp","datePublished":"2024-10-15T08:18:48+00:00","dateModified":"2024-10-27T20:22:54+00:00","description":"Tragbare Flanschbearbeitungsmaschinen sind zur bevorzugten L\u00f6sung f\u00fcr Branchen geworden, die Pr\u00e4zision und Mobilit\u00e4t bei ihren Bearbeitungsprozessen verlangen.","breadcrumb":{"@id":"https:\/\/skybortech.com\/de\/tragbares-flanschbearbeitungsgeraet\/#breadcrumb"},"inLanguage":"de","potentialAction":[{"@type":"ReadAction","target":["https:\/\/skybortech.com\/de\/tragbares-flanschbearbeitungsgeraet\/"]}]},{"@type":"ImageObject","inLanguage":"de","@id":"https:\/\/skybortech.com\/de\/tragbares-flanschbearbeitungsgeraet\/#primaryimage","url":"https:\/\/skybortech.com\/wp-content\/uploads\/2024\/10\/portable-flange-facer-main-1.webp","contentUrl":"https:\/\/skybortech.com\/wp-content\/uploads\/2024\/10\/portable-flange-facer-main-1.webp","width":1200,"height":810,"caption":"portable flange facer main"},{"@type":"BreadcrumbList","@id":"https:\/\/skybortech.com\/de\/tragbares-flanschbearbeitungsgeraet\/#breadcrumb","itemListElement":[{"@type":"ListItem","position":1,"name":"Home","item":"https:\/\/skybortech.com\/de\/zuhause\/"},{"@type":"ListItem","position":2,"name":"Tragbares Flanschbearbeitungsger\u00e4t"}]},{"@type":"WebSite","@id":"https:\/\/skybortech.com\/de\/#website","url":"https:\/\/skybortech.com\/de\/","name":"Portable Line Boring Machines","description":"Portable Line Boring Machines, Allame Makine Ltd. Sti.","publisher":{"@id":"https:\/\/skybortech.com\/de\/#organization"},"alternateName":"Portable Line Boring Machines Manufacturer","potentialAction":[{"@type":"SearchAction","target":{"@type":"EntryPoint","urlTemplate":"https:\/\/skybortech.com\/de\/?s={search_term_string}"},"query-input":{"@type":"PropertyValueSpecification","valueRequired":true,"valueName":"search_term_string"}}],"inLanguage":"de"},{"@type":"Organization","@id":"https:\/\/skybortech.com\/de\/#organization","name":"Portable Line Boring Machines!","alternateName":"Line Boring Machines Manufacturer.","url":"https:\/\/skybortech.com\/de\/","logo":{"@type":"ImageObject","inLanguage":"de","@id":"https:\/\/skybortech.com\/de\/#\/schema\/logo\/image\/","url":"https:\/\/skybortech.com\/wp-content\/uploads\/2024\/10\/skybortech-logo-new5.png","contentUrl":"https:\/\/skybortech.com\/wp-content\/uploads\/2024\/10\/skybortech-logo-new5.png","width":358,"height":120,"caption":"Portable Line Boring Machines!"},"image":{"@id":"https:\/\/skybortech.com\/de\/#\/schema\/logo\/image\/"},"sameAs":["https:\/\/www.facebook.com\/portablelineboringmachines","https:\/\/www.youtube.com\/@portablelineboringmachines\/videos"],"description":"Portable Line Boring Machines Manufacturer from Turkiye.","email":"info@skybortech.com","telephone":"+905337789941","legalName":"Allame Makine Ltd Sti","foundingDate":"1997-01-01","taxID":"0550635748","numberOfEmployees":{"@type":"QuantitativeValue","minValue":"11","maxValue":"50"}}]}},"_links":{"self":[{"href":"https:\/\/skybortech.com\/de\/wp-json\/wp\/v2\/pages\/7989","targetHints":{"allow":["GET"]}}],"collection":[{"href":"https:\/\/skybortech.com\/de\/wp-json\/wp\/v2\/pages"}],"about":[{"href":"https:\/\/skybortech.com\/de\/wp-json\/wp\/v2\/types\/page"}],"author":[{"embeddable":true,"href":"https:\/\/skybortech.com\/de\/wp-json\/wp\/v2\/users\/1"}],"replies":[{"embeddable":true,"href":"https:\/\/skybortech.com\/de\/wp-json\/wp\/v2\/comments?post=7989"}],"version-history":[{"count":0,"href":"https:\/\/skybortech.com\/de\/wp-json\/wp\/v2\/pages\/7989\/revisions"}],"wp:featuredmedia":[{"embeddable":true,"href":"https:\/\/skybortech.com\/de\/wp-json\/wp\/v2\/media\/7661"}],"wp:attachment":[{"href":"https:\/\/skybortech.com\/de\/wp-json\/wp\/v2\/media?parent=7989"}],"curies":[{"name":"wp","href":"https:\/\/api.w.org\/{rel}","templated":true}]}}