{"id":7977,"date":"2024-10-27T20:00:47","date_gmt":"2024-10-27T20:00:47","guid":{"rendered":"https:\/\/skybortech.com\/reduzierung-der-linienbohrungen\/"},"modified":"2024-11-23T13:08:46","modified_gmt":"2024-11-23T13:08:46","slug":"reduzierung-der-linienbohrungen","status":"publish","type":"page","link":"https:\/\/skybortech.com\/de\/reduzierung-der-linienbohrungen\/","title":{"rendered":"Reduzierung der Linienbohrungen"},"content":{"rendered":"<div class=\"wpb-content-wrapper\"><p>[vc_row css=&#8221;.vc_custom_1451991003825{margin-top: 30px !important;margin-bottom: 100px !important;}&#8221;][vc_column offset=&#8221;vc_col-lg-9 vc_col-md-9&#8243;][vc_single_image image=&#8221;7901&#8243; img_size=&#8221;full&#8221; add_caption=&#8221;yes&#8221; css=&#8221;&#8221;][vc_column_text css=&#8221;.vc_custom_1730059181907{margin-top: 40px !important;}&#8221;]<\/p>\n<h3>Ihre L\u00f6sung f\u00fcr effiziente Maschinenreparaturen<\/h3>\n<p>Erweitern Sie die M\u00f6glichkeiten Ihres <a href=\"https:\/\/skybortech.com\/de\/tragbare-linienbohrmaschine-bd-60\/\"><strong>tragbaren Reihenbohrmaschine<\/strong><\/a> mit unserem Zubeh\u00f6r <strong>zur Bohrungsreduzierung<\/strong>, das f\u00fcr Pr\u00e4zision und Anpassungsf\u00e4higkeit auf jeder Baustelle entwickelt wurde. Mit diesem innovativen Werkzeug k\u00f6nnen Sie den <strong>Bohrungsdurchmesser<\/strong> m\u00fchelos reduzieren und erhalten so eine un\u00fcbertroffene Kontrolle \u00fcber <strong>Bohrungen mit kleinem Durchmesser<\/strong>.[\/vc_column_text][vc_row_inner][vc_column_inner][vc_custom_heading text=&#8221;Technische Informationen und Bewertung&#8221; font_container=&#8221;tag:h4|text_align:left|color:%23222222&#8243; use_theme_fonts=&#8221;yes&#8221; css=&#8221;.vc_custom_1728981063738{margin-bottom: 15px !important;}&#8221; el_class=&#8221;no_stripe&#8221;][vc_column_text css=&#8221;&#8221;]Mit unserem Werkzeug zur <strong>Bohrungsreduzierung<\/strong> k\u00f6nnen Sie Aufgaben bew\u00e4ltigen, die exakte Spezifikationen erfordern. <strong>Reduzieren Sie<\/strong> m\u00fchelos <strong>die Bohrungsdurchmesser<\/strong> und stellen Sie so sicher, dass jedes Loch die strengsten Toleranzen f\u00fcr eine optimale Leistung der Ausr\u00fcstung einh\u00e4lt. Ganz gleich, ob Sie an <strong>Motorbl\u00f6cken<\/strong>, <strong>Hydraulikzylindern<\/strong> oder <strong>Getriebegeh\u00e4usen<\/strong> arbeiten, mit diesem Zubeh\u00f6r erreichen Sie ein H\u00f6chstma\u00df an Pr\u00e4zision. <\/p>\n<p><strong>Extra Schaftdurchmesser;<\/strong><\/p>\n<ul>\n<li>\u00d840mm Induktionsgeh\u00e4rteter Stahlschaft <strong>100cm<\/strong>.<\/li>\n<li>\u00d840mm Induktionsgeh\u00e4rteter Stahlschaft <strong>200cm<\/strong>.<\/li>\n<li>\u00d840mm Induktionsgeh\u00e4rteter Stahlschaft <strong>300cm<\/strong>.<\/li>\n<\/ul>\n<p>[\/vc_column_text][\/vc_column_inner][\/vc_row_inner][vc_row_inner css=&#8221;.vc_custom_1728981259598{padding-top: 60px !important;}&#8221;][vc_column_inner][vc_column_text css=&#8221;&#8221;]<\/p>\n<figure id=\"attachment_7895\" aria-describedby=\"caption-attachment-7895\" style=\"width: 576px\" class=\"wp-caption alignleft\"><img decoding=\"async\" class=\"wp-image-7531 size-large lazyload\" data-src=\"https:\/\/skybortech.com\/wp-content\/uploads\/2024\/10\/Line-Boring-Machines-accessories-576x1024.jpg\" alt=\"Line Boring Machines Zubeh\u00f6r\" width=\"576\" height=\"1024\" data-srcset=\"https:\/\/skybortech.com\/wp-content\/uploads\/2024\/10\/Line-Boring-Machines-accessories-576x1024.jpg 576w, https:\/\/skybortech.com\/wp-content\/uploads\/2024\/10\/Line-Boring-Machines-accessories-169x300.jpg 169w, https:\/\/skybortech.com\/wp-content\/uploads\/2024\/10\/Line-Boring-Machines-accessories-768x1365.jpg 768w, https:\/\/skybortech.com\/wp-content\/uploads\/2024\/10\/Line-Boring-Machines-accessories-864x1536.jpg 864w, https:\/\/skybortech.com\/wp-content\/uploads\/2024\/10\/Line-Boring-Machines-accessories.jpg 900w\" data-sizes=\"(max-width: 576px) 100vw, 576px\" src=\"data:image\/svg+xml;base64,PHN2ZyB3aWR0aD0iMSIgaGVpZ2h0PSIxIiB4bWxucz0iaHR0cDovL3d3dy53My5vcmcvMjAwMC9zdmciPjwvc3ZnPg==\" style=\"--smush-placeholder-width: 576px; --smush-placeholder-aspect-ratio: 576\/1024;\" \/><figcaption id=\"caption-attachment-7895\" class=\"wp-caption-text\">Line Boring Machines Zubeh\u00f6r<\/figcaption><\/figure>\n<p class=\"p1\"><b>F\u00fcr \u00d820cm Welle \/ Durchmesser Reduzierh\u00fclsensatz.<\/b><\/p>\n<p>F\u00fcr \u00d820mm Wellendurchmesser Reduzierbuchse \/ Front Spline F\u00fcr \u00d820mm Wellendurchmesser Reduzierbuchse \/ Back Collet \u00d820 f\u00fcr Hauptlager, Reduzierbuchse \u00d810X55 mm Diamant Werkzeughalter SCACR06 CCMT 06 Diamant \u00d820mm Welle (Main BAR) 200cm F\u00fcr \u00d830cm Welle \/ Durchmesser Reduzierbuchse Kit. F\u00fcr \u00d830mm Welle \/ Reduzierbuchse \/ vordere Verzahnung<br \/>\nF\u00fcr \u00d830mm Welle \/ Reduzierbuchse \/ hintere Verzahnung<br \/>\n\u00d830 f\u00fcr Hauptlager, Reduzierbuchse<br \/>\n\u00d810X55 mm Diamantwerkzeughalter SCACR06<br \/>\nCCMT 06 diamond<br \/>\n\u00d830mm <a href=\"https:\/\/skybortech.com\/de\/linien-bohrmaschinen\/\">Welle<\/a> (Main BAR) 200cm[\/vc_column_text][\/vc_column_inner][\/vc_row_inner][\/vc_column][vc_column width=&#8221;1\/4&#8243; offset=&#8221;vc_hidden-sm vc_hidden-xs&#8221;][stm_sidebar sidebar=&#8221;311&#8243;][\/vc_column][\/vc_row][vc_row full_width=&#8221;stretch_row&#8221; el_class=&#8221;third_bg_color&#8221; css=&#8221;.vc_custom_1451889219674{margin-bottom: -60px !important;}&#8221;][vc_column][vc_cta h2=&#8221;k\u00f6nnen Sie unser schnelles Kontaktformular verwenden, um weitere Informationen \u00fcber unsere Maschinen zu erhalten.&#8221; h2_font_container=&#8221;tag:h2|font_size:20px|text_align:left|color:%23000000|line_height:24px&#8221; h2_use_theme_fonts=&#8221;yes&#8221; shape=&#8221;square&#8221; style=&#8221;flat&#8221; add_button=&#8221;right&#8221; btn_title=&#8221;Angebot einholen&#8221; btn_style=&#8221;flat&#8221; btn_color=&#8221;theme_style_2&#8243; btn_align=&#8221;right&#8221; btn_i_align=&#8221;right&#8221; btn_i_icon_fontawesome=&#8221;stm-quote-rounded&#8221; css=&#8221;.vc_custom_1729068912087{margin-bottom: 0px !important;}&#8221; particles=&#8221;yes&#8221; use_custom_fonts_h2=&#8221;true&#8221; btn_button_block=&#8221;true&#8221; btn_add_icon=&#8221;true&#8221; el_class=&#8221;third_bg_color&#8221; h2_link=&#8221;url:https%3A%2F%2Fskybortech.com%2Fcontact-us%2F&#8221; btn_link=&#8221;url:https%3A%2F%2Fskybortech.com%2Fde%2Fkontaktieren-sie-uns%2F|&#8221;][\/vc_cta][\/vc_column][\/vc_row]<\/p>\n<\/div>","protected":false},"excerpt":{"rendered":"<p>[vc_row css=&#8221;.vc_custom_1451991003825{margin-top: 30px !important;margin-bottom: 100px !important;}&#8221;][vc_column offset=&#8221;vc_col-lg-9 vc_col-md-9&#8243;][vc_single_image image=&#8221;7901&#8243; img_size=&#8221;full&#8221; add_caption=&#8221;yes&#8221; css=&#8221;&#8221;][vc_column_text css=&#8221;.vc_custom_1730059181907{margin-top: 40px !important;}&#8221;] Ihre L\u00f6sung f\u00fcr effiziente Maschinenreparaturen Erweitern Sie die M\u00f6glichkeiten Ihres tragbaren Reihenbohrmaschine mit unserem Zubeh\u00f6r zur Bohrungsreduzierung, das f\u00fcr Pr\u00e4zision und Anpassungsf\u00e4higkeit auf jeder Baustelle entwickelt wurde. Mit diesem innovativen Werkzeug k\u00f6nnen Sie den Bohrungsdurchmesser m\u00fchelos reduzieren und erhalten so<\/p>\n","protected":false},"author":1,"featured_media":7901,"parent":0,"menu_order":0,"comment_status":"closed","ping_status":"closed","template":"","meta":{"_joinchat":[],"footnotes":""},"class_list":["post-7977","page","type-page","status-publish","has-post-thumbnail","hentry"],"yoast_head":"<!-- This site is optimized with the Yoast SEO Premium plugin v25.8 (Yoast SEO v27.0) - https:\/\/yoast.com\/product\/yoast-seo-premium-wordpress\/ -->\n<title>Reduzierung der Linienbohrungen<\/title>\n<meta name=\"description\" content=\"Unser Werkzeug zur Bohrungsreduzierung erm\u00f6glicht es Ihnen, Auftr\u00e4ge zu erledigen, die genaue Spezifikationen erfordern. Es kann den Durchmesser von 20 mm bis 60 mm ver\u00e4ndern.\" \/>\n<meta name=\"robots\" content=\"index, follow, max-snippet:-1, max-image-preview:large, max-video-preview:-1\" \/>\n<link rel=\"canonical\" href=\"https:\/\/skybortech.com\/de\/reduzierung-der-linienbohrungen\/\" \/>\n<meta property=\"og:locale\" content=\"de_DE\" \/>\n<meta property=\"og:type\" content=\"article\" \/>\n<meta property=\"og:title\" content=\"Reduzierung der Linienbohrungen\" \/>\n<meta property=\"og:description\" content=\"Unser Werkzeug zur Bohrungsreduzierung erm\u00f6glicht es Ihnen, Auftr\u00e4ge zu erledigen, die genaue Spezifikationen erfordern. Es kann den Durchmesser von 20 mm bis 60 mm ver\u00e4ndern.\" \/>\n<meta property=\"og:url\" content=\"https:\/\/skybortech.com\/de\/reduzierung-der-linienbohrungen\/\" \/>\n<meta property=\"og:site_name\" content=\"Portable Line Boring Machines\" \/>\n<meta property=\"article:publisher\" content=\"https:\/\/www.facebook.com\/portablelineboringmachines\" \/>\n<meta property=\"article:modified_time\" content=\"2024-11-23T13:08:46+00:00\" \/>\n<meta property=\"og:image\" content=\"https:\/\/skybortech.com\/wp-content\/uploads\/2024\/10\/Line-Boring-Machines-accessories-1536-scaled.jpg\" \/>\n\t<meta property=\"og:image:width\" content=\"2560\" \/>\n\t<meta property=\"og:image:height\" content=\"1920\" \/>\n\t<meta property=\"og:image:type\" content=\"image\/jpeg\" \/>\n<meta name=\"twitter:card\" content=\"summary_large_image\" \/>\n<meta name=\"twitter:label1\" content=\"Gesch\u00e4tzte Lesezeit\" \/>\n\t<meta name=\"twitter:data1\" content=\"2\u00a0Minuten\" \/>\n<script type=\"application\/ld+json\" class=\"yoast-schema-graph\">{\"@context\":\"https:\/\/schema.org\",\"@graph\":[{\"@type\":\"WebPage\",\"@id\":\"https:\/\/skybortech.com\/de\/reduzierung-der-linienbohrungen\/\",\"url\":\"https:\/\/skybortech.com\/de\/reduzierung-der-linienbohrungen\/\",\"name\":\"Reduzierung der Linienbohrungen\",\"isPartOf\":{\"@id\":\"https:\/\/skybortech.com\/de\/#website\"},\"primaryImageOfPage\":{\"@id\":\"https:\/\/skybortech.com\/de\/reduzierung-der-linienbohrungen\/#primaryimage\"},\"image\":{\"@id\":\"https:\/\/skybortech.com\/de\/reduzierung-der-linienbohrungen\/#primaryimage\"},\"thumbnailUrl\":\"https:\/\/skybortech.com\/wp-content\/uploads\/2024\/10\/Line-Boring-Machines-accessories-1536-scaled.jpg\",\"datePublished\":\"2024-10-27T20:00:47+00:00\",\"dateModified\":\"2024-11-23T13:08:46+00:00\",\"description\":\"Unser Werkzeug zur Bohrungsreduzierung erm\u00f6glicht es Ihnen, Auftr\u00e4ge zu erledigen, die genaue Spezifikationen erfordern. Es kann den Durchmesser von 20 mm bis 60 mm ver\u00e4ndern.\",\"breadcrumb\":{\"@id\":\"https:\/\/skybortech.com\/de\/reduzierung-der-linienbohrungen\/#breadcrumb\"},\"inLanguage\":\"de\",\"potentialAction\":[{\"@type\":\"ReadAction\",\"target\":[\"https:\/\/skybortech.com\/de\/reduzierung-der-linienbohrungen\/\"]}]},{\"@type\":\"ImageObject\",\"inLanguage\":\"de\",\"@id\":\"https:\/\/skybortech.com\/de\/reduzierung-der-linienbohrungen\/#primaryimage\",\"url\":\"https:\/\/skybortech.com\/wp-content\/uploads\/2024\/10\/Line-Boring-Machines-accessories-1536-scaled.jpg\",\"contentUrl\":\"https:\/\/skybortech.com\/wp-content\/uploads\/2024\/10\/Line-Boring-Machines-accessories-1536-scaled.jpg\",\"width\":2560,\"height\":1920,\"caption\":\"Line Boring Machines accessories 1536\"},{\"@type\":\"BreadcrumbList\",\"@id\":\"https:\/\/skybortech.com\/de\/reduzierung-der-linienbohrungen\/#breadcrumb\",\"itemListElement\":[{\"@type\":\"ListItem\",\"position\":1,\"name\":\"Home\",\"item\":\"https:\/\/skybortech.com\/de\/zuhause\/\"},{\"@type\":\"ListItem\",\"position\":2,\"name\":\"Reduzierung der Linienbohrungen\"}]},{\"@type\":\"WebSite\",\"@id\":\"https:\/\/skybortech.com\/de\/#website\",\"url\":\"https:\/\/skybortech.com\/de\/\",\"name\":\"Portable Line Boring Machines\",\"description\":\"Portable Line Boring Machines, Allame Makine Ltd. Sti.\",\"publisher\":{\"@id\":\"https:\/\/skybortech.com\/de\/#organization\"},\"alternateName\":\"Portable Line Boring Machines Manufacturer\",\"potentialAction\":[{\"@type\":\"SearchAction\",\"target\":{\"@type\":\"EntryPoint\",\"urlTemplate\":\"https:\/\/skybortech.com\/de\/?s={search_term_string}\"},\"query-input\":{\"@type\":\"PropertyValueSpecification\",\"valueRequired\":true,\"valueName\":\"search_term_string\"}}],\"inLanguage\":\"de\"},{\"@type\":\"Organization\",\"@id\":\"https:\/\/skybortech.com\/de\/#organization\",\"name\":\"Portable Line Boring Machines!\",\"alternateName\":\"Line Boring Machines Manufacturer.\",\"url\":\"https:\/\/skybortech.com\/de\/\",\"logo\":{\"@type\":\"ImageObject\",\"inLanguage\":\"de\",\"@id\":\"https:\/\/skybortech.com\/de\/#\/schema\/logo\/image\/\",\"url\":\"https:\/\/skybortech.com\/wp-content\/uploads\/2024\/10\/skybortech-logo-new5.png\",\"contentUrl\":\"https:\/\/skybortech.com\/wp-content\/uploads\/2024\/10\/skybortech-logo-new5.png\",\"width\":358,\"height\":120,\"caption\":\"Portable Line Boring Machines!\"},\"image\":{\"@id\":\"https:\/\/skybortech.com\/de\/#\/schema\/logo\/image\/\"},\"sameAs\":[\"https:\/\/www.facebook.com\/portablelineboringmachines\",\"https:\/\/www.youtube.com\/@portablelineboringmachines\/videos\"],\"description\":\"Portable Line Boring Machines Manufacturer from Turkiye.\",\"email\":\"info@skybortech.com\",\"telephone\":\"+905337789941\",\"legalName\":\"Allame Makine Ltd Sti\",\"foundingDate\":\"1997-01-01\",\"taxID\":\"0550635748\",\"numberOfEmployees\":{\"@type\":\"QuantitativeValue\",\"minValue\":\"11\",\"maxValue\":\"50\"}}]}<\/script>\n<!-- \/ Yoast SEO Premium plugin. -->","yoast_head_json":{"title":"Reduzierung der Linienbohrungen","description":"Unser Werkzeug zur Bohrungsreduzierung erm\u00f6glicht es Ihnen, Auftr\u00e4ge zu erledigen, die genaue Spezifikationen erfordern. Es kann den Durchmesser von 20 mm bis 60 mm ver\u00e4ndern.","robots":{"index":"index","follow":"follow","max-snippet":"max-snippet:-1","max-image-preview":"max-image-preview:large","max-video-preview":"max-video-preview:-1"},"canonical":"https:\/\/skybortech.com\/de\/reduzierung-der-linienbohrungen\/","og_locale":"de_DE","og_type":"article","og_title":"Reduzierung der Linienbohrungen","og_description":"Unser Werkzeug zur Bohrungsreduzierung erm\u00f6glicht es Ihnen, Auftr\u00e4ge zu erledigen, die genaue Spezifikationen erfordern. Es kann den Durchmesser von 20 mm bis 60 mm ver\u00e4ndern.","og_url":"https:\/\/skybortech.com\/de\/reduzierung-der-linienbohrungen\/","og_site_name":"Portable Line Boring Machines","article_publisher":"https:\/\/www.facebook.com\/portablelineboringmachines","article_modified_time":"2024-11-23T13:08:46+00:00","og_image":[{"width":2560,"height":1920,"url":"https:\/\/skybortech.com\/wp-content\/uploads\/2024\/10\/Line-Boring-Machines-accessories-1536-scaled.jpg","type":"image\/jpeg"}],"twitter_card":"summary_large_image","twitter_misc":{"Gesch\u00e4tzte Lesezeit":"2\u00a0Minuten"},"schema":{"@context":"https:\/\/schema.org","@graph":[{"@type":"WebPage","@id":"https:\/\/skybortech.com\/de\/reduzierung-der-linienbohrungen\/","url":"https:\/\/skybortech.com\/de\/reduzierung-der-linienbohrungen\/","name":"Reduzierung der Linienbohrungen","isPartOf":{"@id":"https:\/\/skybortech.com\/de\/#website"},"primaryImageOfPage":{"@id":"https:\/\/skybortech.com\/de\/reduzierung-der-linienbohrungen\/#primaryimage"},"image":{"@id":"https:\/\/skybortech.com\/de\/reduzierung-der-linienbohrungen\/#primaryimage"},"thumbnailUrl":"https:\/\/skybortech.com\/wp-content\/uploads\/2024\/10\/Line-Boring-Machines-accessories-1536-scaled.jpg","datePublished":"2024-10-27T20:00:47+00:00","dateModified":"2024-11-23T13:08:46+00:00","description":"Unser Werkzeug zur Bohrungsreduzierung erm\u00f6glicht es Ihnen, Auftr\u00e4ge zu erledigen, die genaue Spezifikationen erfordern. Es kann den Durchmesser von 20 mm bis 60 mm ver\u00e4ndern.","breadcrumb":{"@id":"https:\/\/skybortech.com\/de\/reduzierung-der-linienbohrungen\/#breadcrumb"},"inLanguage":"de","potentialAction":[{"@type":"ReadAction","target":["https:\/\/skybortech.com\/de\/reduzierung-der-linienbohrungen\/"]}]},{"@type":"ImageObject","inLanguage":"de","@id":"https:\/\/skybortech.com\/de\/reduzierung-der-linienbohrungen\/#primaryimage","url":"https:\/\/skybortech.com\/wp-content\/uploads\/2024\/10\/Line-Boring-Machines-accessories-1536-scaled.jpg","contentUrl":"https:\/\/skybortech.com\/wp-content\/uploads\/2024\/10\/Line-Boring-Machines-accessories-1536-scaled.jpg","width":2560,"height":1920,"caption":"Line Boring Machines accessories 1536"},{"@type":"BreadcrumbList","@id":"https:\/\/skybortech.com\/de\/reduzierung-der-linienbohrungen\/#breadcrumb","itemListElement":[{"@type":"ListItem","position":1,"name":"Home","item":"https:\/\/skybortech.com\/de\/zuhause\/"},{"@type":"ListItem","position":2,"name":"Reduzierung der Linienbohrungen"}]},{"@type":"WebSite","@id":"https:\/\/skybortech.com\/de\/#website","url":"https:\/\/skybortech.com\/de\/","name":"Portable Line Boring Machines","description":"Portable Line Boring Machines, Allame Makine Ltd. Sti.","publisher":{"@id":"https:\/\/skybortech.com\/de\/#organization"},"alternateName":"Portable Line Boring Machines Manufacturer","potentialAction":[{"@type":"SearchAction","target":{"@type":"EntryPoint","urlTemplate":"https:\/\/skybortech.com\/de\/?s={search_term_string}"},"query-input":{"@type":"PropertyValueSpecification","valueRequired":true,"valueName":"search_term_string"}}],"inLanguage":"de"},{"@type":"Organization","@id":"https:\/\/skybortech.com\/de\/#organization","name":"Portable Line Boring Machines!","alternateName":"Line Boring Machines Manufacturer.","url":"https:\/\/skybortech.com\/de\/","logo":{"@type":"ImageObject","inLanguage":"de","@id":"https:\/\/skybortech.com\/de\/#\/schema\/logo\/image\/","url":"https:\/\/skybortech.com\/wp-content\/uploads\/2024\/10\/skybortech-logo-new5.png","contentUrl":"https:\/\/skybortech.com\/wp-content\/uploads\/2024\/10\/skybortech-logo-new5.png","width":358,"height":120,"caption":"Portable Line Boring Machines!"},"image":{"@id":"https:\/\/skybortech.com\/de\/#\/schema\/logo\/image\/"},"sameAs":["https:\/\/www.facebook.com\/portablelineboringmachines","https:\/\/www.youtube.com\/@portablelineboringmachines\/videos"],"description":"Portable Line Boring Machines Manufacturer from Turkiye.","email":"info@skybortech.com","telephone":"+905337789941","legalName":"Allame Makine Ltd Sti","foundingDate":"1997-01-01","taxID":"0550635748","numberOfEmployees":{"@type":"QuantitativeValue","minValue":"11","maxValue":"50"}}]}},"_links":{"self":[{"href":"https:\/\/skybortech.com\/de\/wp-json\/wp\/v2\/pages\/7977","targetHints":{"allow":["GET"]}}],"collection":[{"href":"https:\/\/skybortech.com\/de\/wp-json\/wp\/v2\/pages"}],"about":[{"href":"https:\/\/skybortech.com\/de\/wp-json\/wp\/v2\/types\/page"}],"author":[{"embeddable":true,"href":"https:\/\/skybortech.com\/de\/wp-json\/wp\/v2\/users\/1"}],"replies":[{"embeddable":true,"href":"https:\/\/skybortech.com\/de\/wp-json\/wp\/v2\/comments?post=7977"}],"version-history":[{"count":0,"href":"https:\/\/skybortech.com\/de\/wp-json\/wp\/v2\/pages\/7977\/revisions"}],"wp:featuredmedia":[{"embeddable":true,"href":"https:\/\/skybortech.com\/de\/wp-json\/wp\/v2\/media\/7901"}],"wp:attachment":[{"href":"https:\/\/skybortech.com\/de\/wp-json\/wp\/v2\/media?parent=7977"}],"curies":[{"name":"wp","href":"https:\/\/api.w.org\/{rel}","templated":true}]}}